{"id":18659,"date":"2025-03-04T08:54:11","date_gmt":"2025-03-04T08:54:11","guid":{"rendered":"https:\/\/crosspharma.gr\/?page_id=18659"},"modified":"2025-05-24T16:46:51","modified_gmt":"2025-05-24T16:46:51","slug":"nuestra-gente","status":"publish","type":"page","link":"https:\/\/crosspharma.gr\/es\/nuestra-gente\/","title":{"rendered":"Nuestra gente"},"content":{"rendered":"\t\t<div data-elementor-type=\"wp-page\" data-elementor-id=\"18659\" class=\"elementor elementor-18659 elementor-18654\">\n\t\t\t\t\t\t<section class=\"wd-negative-gap elementor-section elementor-top-section elementor-element elementor-element-30f4b337 elementor-section-content-middle wd-section-stretch elementor-section-boxed elementor-section-height-default elementor-section-height-default\" data-id=\"30f4b337\" data-element_type=\"section\" data-e-type=\"section\" data-settings=\"{&quot;background_background&quot;:&quot;classic&quot;}\">\n\t\t\t\t\t\t<div class=\"elementor-container elementor-column-gap-extended\">\n\t\t\t\t\t<div class=\"elementor-column elementor-col-100 elementor-top-column elementor-element elementor-element-c2fe5c1\" data-id=\"c2fe5c1\" data-element_type=\"column\" data-e-type=\"column\">\n\t\t\t<div class=\"elementor-widget-wrap\">\n\t\t\t\t\t\t\t<\/div>\n\t\t<\/div>\n\t\t\t\t\t<\/div>\n\t\t<\/section>\n\t\t\t\t<section class=\"wd-negative-gap elementor-section elementor-top-section elementor-element elementor-element-7920873 elementor-section-content-middle wd-section-stretch elementor-section-boxed elementor-section-height-default elementor-section-height-default\" data-id=\"7920873\" data-element_type=\"section\" data-e-type=\"section\" data-settings=\"{&quot;background_background&quot;:&quot;classic&quot;}\">\n\t\t\t\t\t\t<div class=\"elementor-container elementor-column-gap-extended\">\n\t\t\t\t\t<div class=\"elementor-column elementor-col-50 elementor-top-column elementor-element elementor-element-b40e6f7\" data-id=\"b40e6f7\" data-element_type=\"column\" data-e-type=\"column\">\n\t\t\t<div class=\"elementor-widget-wrap elementor-element-populated\">\n\t\t\t\t\t\t<div class=\"elementor-element elementor-element-4142111 wd-width-100 elementor-widget elementor-widget-wd_title\" data-id=\"4142111\" data-element_type=\"widget\" data-e-type=\"widget\" data-widget_type=\"wd_title.default\">\n\t\t\t\t<div class=\"elementor-widget-container\">\n\t\t\t\t\t\t\t<div class=\"title-wrapper wd-set-mb reset-last-child wd-title-color-primary wd-title-style-default wd-title-size-large text-left\">\n\n\t\t\t\t\t\t\t\t\t\t\t<div class=\"title-subtitle subtitle-color-primary subtitle-style-default wd-fontsize-xs\">\n\t\t\t\t\t\u00a1Nuestra fuerza!\t\t\t\t<\/div>\n\t\t\t\n\t\t\t<div class=\"liner-continer\">\n\t\t\t\t<h1 class=\"woodmart-title-container title wd-fontsize-xxl\">GENTE<\/h1> \n\t\t\t\t\t\t\t<\/div>\n\n\t\t\t\t\t<\/div>\n\t\t\t\t\t\t<\/div>\n\t\t\t\t<\/div>\n\t\t\t\t\t<\/div>\n\t\t<\/div>\n\t\t\t\t<div class=\"elementor-column elementor-col-50 elementor-top-column elementor-element elementor-element-0b344bf\" data-id=\"0b344bf\" data-element_type=\"column\" data-e-type=\"column\">\n\t\t\t<div class=\"elementor-widget-wrap elementor-element-populated\">\n\t\t\t\t\t\t<div class=\"elementor-element elementor-element-c040d11 elementor-widget elementor-widget-wd_infobox\" data-id=\"c040d11\" data-element_type=\"widget\" data-e-type=\"widget\" data-widget_type=\"wd_infobox.default\">\n\t\t\t\t<div class=\"elementor-widget-container\">\n\t\t\t\t\t\t\t<div class=\"info-box-wrapper\">\n\t\t\t<div class=\"wd-info-box text-left box-icon-align-top box-style-base color-scheme- with-btn box-btn-static\">\n\t\t\t\t\n\t\t\t\t<div class=\"info-box-content\">\n\t\t\t\t\t\n\t\t\t\t\t\t\t\t\t\t\t<h2\t\t\t\t\t\tclass=\"info-box-title title box-title-style-default wd-fontsize-m\" data-elementor-setting-key=\"title\">\n\t\t\t\t\t\t\t\t\"Todo hombre debe saber lo que hace... por qu\u00e9 lo hace. \u00a1Solo entonces lo hace bien! La familia Cross ofrece innovaci\u00f3n y cuidado para cada vida humana\u201d.\t\t\t\t\t\t<\/h2>\n\t\t\t\t\t\n\t\t\t\t\t<div class=\"info-box-inner reset-last-child\"data-elementor-setting-key=\"content\"><\/div>\n\n\t\t\t\t\t\t\t\t\t\t\t<div class=\"info-btn-wrapper\">\n\t\t\t\t\t\t\t\t\t<div class=\"wd-button-wrapper text-left\" >\n\t\t\t<a class=\"btn btn-style-link btn-shape- btn-size-small btn-color-primary btn-icon-pos-right\"  href=\"#\">\n\t\t\t\t<span class=\"wd-btn-text\" data-elementor-setting-key=\"text\">\n\t\t\t\t\t~ Stelios Kyriakou\t\t\t\t<\/span>\n\n\t\t\t\t\t\t\t<\/a>\n\t\t<\/div>\n\t\t\t\t\t\t\t\t<\/div>\n\t\t\t\t\t\t\t\t\t<\/div>\n\n\t\t\t\t\t\t\t<\/div>\n\t\t<\/div>\n\t\t\t\t\t\t<\/div>\n\t\t\t\t<\/div>\n\t\t\t\t\t<\/div>\n\t\t<\/div>\n\t\t\t\t\t<\/div>\n\t\t<\/section>\n\t\t\t\t<section class=\"wd-negative-gap elementor-section elementor-top-section elementor-element elementor-element-e82237f elementor-reverse-tablet elementor-reverse-mobile elementor-section-boxed elementor-section-height-default elementor-section-height-default\" data-id=\"e82237f\" data-element_type=\"section\" data-e-type=\"section\">\n\t\t\t\t\t\t<div class=\"elementor-container elementor-column-gap-default\">\n\t\t\t\t\t<div class=\"elementor-column elementor-col-100 elementor-top-column elementor-element elementor-element-a2648da elementor-invisible\" data-id=\"a2648da\" data-element_type=\"column\" data-e-type=\"column\" data-settings=\"{&quot;animation&quot;:&quot;slideInRight&quot;,&quot;animation_delay&quot;:0}\">\n\t\t\t<div class=\"elementor-widget-wrap elementor-element-populated\">\n\t\t\t\t\t\t<div class=\"elementor-element elementor-element-70146ab elementor-widget elementor-widget-wd_text_block\" data-id=\"70146ab\" data-element_type=\"widget\" data-e-type=\"widget\" data-widget_type=\"wd_text_block.default\">\n\t\t\t\t<div class=\"elementor-widget-container\">\n\t\t\t\t\t\t\t<div class=\"wd-text-block reset-last-child text-left\">\n\t\t\t\n\t\t\t<p>\u00a0<\/p><p>En Cross, nuestro valor permanente e innegociable fue y es nuestra Gente. Ninguna empresa puede ser productiva a menos que su gente crezca y se desarrolle en un entorno f\u00e9rtil.<\/p><p>Nuestro objetivo es establecer colaboraciones a largo plazo, ofreciendo un entorno de trabajo estable y seguro donde nuestra gente pueda desarrollar sus habilidades, aprender y desarrollarse.<\/p><p>Hoy en d\u00eda, Cross tiene m\u00e1s de 50 empleados. De hecho, en los \u00faltimos 3 a\u00f1os hemos duplicado nuestros Recursos Humanos. En un momento en el que incorporarse y permanecer en el mercado laboral es dif\u00edcil, en Cross seguimos invirtiendo en personas y dotando a nuestros departamentos de asociados j\u00f3venes y profesionales cualificados. Creemos que s\u00f3lo a trav\u00e9s de un ambiente de trabajo saludable y productivo puede haber crecimiento. Al darnos cuenta, por tanto, de la importancia de las personas para nuestro futuro y nuestra sostenibilidad, nos aseguramos de estar a su lado en su desarrollo profesional, para apoyar sus sue\u00f1os y ambiciones. En estos contextos organizamos capacitaciones y jornadas de aprendizaje para nuestra gente, seminarios de mejora y un clima de apoyo a su alrededor.<\/p>\n\t\t\t\t\t<\/div>\n\t\t\t\t\t\t<\/div>\n\t\t\t\t<\/div>\n\t\t\t\t\t<\/div>\n\t\t<\/div>\n\t\t\t\t\t<\/div>\n\t\t<\/section>\n\t\t\t\t<section class=\"wd-negative-gap elementor-section elementor-top-section elementor-element elementor-element-3c548bca elementor-reverse-tablet elementor-reverse-mobile elementor-section-boxed elementor-section-height-default elementor-section-height-default\" data-id=\"3c548bca\" data-element_type=\"section\" data-e-type=\"section\">\n\t\t\t\t\t\t<div class=\"elementor-container elementor-column-gap-default\">\n\t\t\t\t\t<div class=\"elementor-column elementor-col-100 elementor-top-column elementor-element elementor-element-1d354ed7 elementor-invisible\" data-id=\"1d354ed7\" data-element_type=\"column\" data-e-type=\"column\" data-settings=\"{&quot;animation&quot;:&quot;slideInLeft&quot;}\">\n\t\t\t<div class=\"elementor-widget-wrap elementor-element-populated\">\n\t\t\t\t\t\t<div class=\"elementor-element elementor-element-3b8f1c6 elementor-widget elementor-widget-wd_image_or_svg\" data-id=\"3b8f1c6\" data-element_type=\"widget\" data-e-type=\"widget\" data-widget_type=\"wd_image_or_svg.default\">\n\t\t\t\t<div class=\"elementor-widget-container\">\n\t\t\t\t\t\n\t\t<div class=\"wd-image text-left\">\n\t\t\t\t\t\t\t\t<img fetchpriority=\"high\" decoding=\"async\" width=\"1200\" height=\"600\" src=\"https:\/\/crosspharma.gr\/wp-content\/uploads\/2024\/06\/\u039f\u03b9-\u03ac\u03bd\u03b8\u03c1\u03c9\u03c0\u03bf\u03b9-\u03bc\u03b1\u03c2.png\" class=\"attachment-full size-full\" alt=\"\" srcset=\"https:\/\/crosspharma.gr\/wp-content\/uploads\/2024\/06\/\u039f\u03b9-\u03ac\u03bd\u03b8\u03c1\u03c9\u03c0\u03bf\u03b9-\u03bc\u03b1\u03c2.png 1200w, https:\/\/crosspharma.gr\/wp-content\/uploads\/2024\/06\/\u039f\u03b9-\u03ac\u03bd\u03b8\u03c1\u03c9\u03c0\u03bf\u03b9-\u03bc\u03b1\u03c2-400x200.png 400w, https:\/\/crosspharma.gr\/wp-content\/uploads\/2024\/06\/\u039f\u03b9-\u03ac\u03bd\u03b8\u03c1\u03c9\u03c0\u03bf\u03b9-\u03bc\u03b1\u03c2-768x384.png 768w, https:\/\/crosspharma.gr\/wp-content\/uploads\/2024\/06\/\u039f\u03b9-\u03ac\u03bd\u03b8\u03c1\u03c9\u03c0\u03bf\u03b9-\u03bc\u03b1\u03c2-860x430.png 860w, https:\/\/crosspharma.gr\/wp-content\/uploads\/2024\/06\/\u039f\u03b9-\u03ac\u03bd\u03b8\u03c1\u03c9\u03c0\u03bf\u03b9-\u03bc\u03b1\u03c2-430x215.png 430w, https:\/\/crosspharma.gr\/wp-content\/uploads\/2024\/06\/\u039f\u03b9-\u03ac\u03bd\u03b8\u03c1\u03c9\u03c0\u03bf\u03b9-\u03bc\u03b1\u03c2-700x350.png 700w, https:\/\/crosspharma.gr\/wp-content\/uploads\/2024\/06\/\u039f\u03b9-\u03ac\u03bd\u03b8\u03c1\u03c9\u03c0\u03bf\u03b9-\u03bc\u03b1\u03c2-150x75.png 150w\" sizes=\"(max-width: 1200px) 100vw, 1200px\" \/>\t\t\t\t\t<\/div>\n\n\t\t\t\t\t\t<\/div>\n\t\t\t\t<\/div>\n\t\t\t\t\t<\/div>\n\t\t<\/div>\n\t\t\t\t\t<\/div>\n\t\t<\/section>\n\t\t\t\t<\/div>\n\t\t","protected":false},"excerpt":{"rendered":"<p>\u00a1Nuestra fuerza! GENTE \u00abTodo hombre debe saber lo que hace&#8230; por qu\u00e9 lo hace. \u00a1Solo entonces lo hace bien! La<\/p>\n","protected":false},"author":20,"featured_media":0,"parent":0,"menu_order":0,"comment_status":"closed","ping_status":"closed","template":"","meta":{"footnotes":""},"class_list":["post-18659","page","type-page","status-publish","hentry"],"_links":{"self":[{"href":"https:\/\/crosspharma.gr\/es\/wp-json\/wp\/v2\/pages\/18659","targetHints":{"allow":["GET"]}}],"collection":[{"href":"https:\/\/crosspharma.gr\/es\/wp-json\/wp\/v2\/pages"}],"about":[{"href":"https:\/\/crosspharma.gr\/es\/wp-json\/wp\/v2\/types\/page"}],"author":[{"embeddable":true,"href":"https:\/\/crosspharma.gr\/es\/wp-json\/wp\/v2\/users\/20"}],"replies":[{"embeddable":true,"href":"https:\/\/crosspharma.gr\/es\/wp-json\/wp\/v2\/comments?post=18659"}],"version-history":[{"count":7,"href":"https:\/\/crosspharma.gr\/es\/wp-json\/wp\/v2\/pages\/18659\/revisions"}],"predecessor-version":[{"id":19154,"href":"https:\/\/crosspharma.gr\/es\/wp-json\/wp\/v2\/pages\/18659\/revisions\/19154"}],"wp:attachment":[{"href":"https:\/\/crosspharma.gr\/es\/wp-json\/wp\/v2\/media?parent=18659"}],"curies":[{"name":"wp","href":"https:\/\/api.w.org\/{rel}","templated":true}]}}