{"id":18827,"date":"2025-03-04T10:49:54","date_gmt":"2025-03-04T10:49:54","guid":{"rendered":"https:\/\/crosspharma.gr\/?page_id=18827"},"modified":"2025-05-24T17:28:33","modified_gmt":"2025-05-24T17:28:33","slug":"farmacovigilancia","status":"publish","type":"page","link":"https:\/\/crosspharma.gr\/es\/farmacovigilancia\/","title":{"rendered":"Farmacovigilancia"},"content":{"rendered":"\t\t<div data-elementor-type=\"wp-page\" data-elementor-id=\"18827\" class=\"elementor elementor-18827 elementor-18821\">\n\t\t\t\t\t\t<section class=\"wd-negative-gap elementor-section elementor-top-section elementor-element elementor-element-30f4b337 elementor-section-content-middle wd-section-stretch elementor-section-boxed elementor-section-height-default elementor-section-height-default\" data-id=\"30f4b337\" data-element_type=\"section\" data-e-type=\"section\" data-settings=\"{&quot;background_background&quot;:&quot;classic&quot;}\">\n\t\t\t\t\t\t<div class=\"elementor-container elementor-column-gap-extended\">\n\t\t\t\t\t<div class=\"elementor-column elementor-col-100 elementor-top-column elementor-element elementor-element-c2fe5c1\" data-id=\"c2fe5c1\" data-element_type=\"column\" data-e-type=\"column\">\n\t\t\t<div class=\"elementor-widget-wrap\">\n\t\t\t\t\t\t\t<\/div>\n\t\t<\/div>\n\t\t\t\t\t<\/div>\n\t\t<\/section>\n\t\t\t\t<section class=\"wd-negative-gap elementor-section elementor-top-section elementor-element elementor-element-7920873 elementor-section-content-middle wd-section-stretch elementor-section-boxed elementor-section-height-default elementor-section-height-default\" data-id=\"7920873\" data-element_type=\"section\" data-e-type=\"section\" data-settings=\"{&quot;background_background&quot;:&quot;classic&quot;}\">\n\t\t\t\t\t\t<div class=\"elementor-container elementor-column-gap-extended\">\n\t\t\t\t\t<div class=\"elementor-column elementor-col-100 elementor-top-column elementor-element elementor-element-b40e6f7\" data-id=\"b40e6f7\" data-element_type=\"column\" data-e-type=\"column\">\n\t\t\t<div class=\"elementor-widget-wrap elementor-element-populated\">\n\t\t\t\t\t\t<div class=\"elementor-element elementor-element-4142111 wd-width-100 elementor-widget elementor-widget-wd_title\" data-id=\"4142111\" data-element_type=\"widget\" data-e-type=\"widget\" data-widget_type=\"wd_title.default\">\n\t\t\t\t<div class=\"elementor-widget-container\">\n\t\t\t\t\t\t\t<div class=\"title-wrapper wd-set-mb reset-last-child wd-title-color-primary wd-title-style-default wd-title-size-large text-left\">\n\n\t\t\t\n\t\t\t<div class=\"liner-continer\">\n\t\t\t\t<h1 class=\"woodmart-title-container title wd-fontsize-xxl\">FARMACOVIGILANCIA<\/h1> \n\t\t\t\t\t\t\t<\/div>\n\n\t\t\t\t\t<\/div>\n\t\t\t\t\t\t<\/div>\n\t\t\t\t<\/div>\n\t\t\t\t\t<\/div>\n\t\t<\/div>\n\t\t\t\t\t<\/div>\n\t\t<\/section>\n\t\t\t\t<section class=\"wd-negative-gap elementor-section elementor-top-section elementor-element elementor-element-3c548bca elementor-reverse-tablet elementor-reverse-mobile elementor-section-boxed elementor-section-height-default elementor-section-height-default\" data-id=\"3c548bca\" data-element_type=\"section\" data-e-type=\"section\">\n\t\t\t\t\t\t<div class=\"elementor-container elementor-column-gap-default\">\n\t\t\t\t\t<div class=\"elementor-column elementor-col-50 elementor-top-column elementor-element elementor-element-1d354ed7 elementor-invisible\" data-id=\"1d354ed7\" data-element_type=\"column\" data-e-type=\"column\" data-settings=\"{&quot;animation&quot;:&quot;slideInLeft&quot;}\">\n\t\t\t<div class=\"elementor-widget-wrap elementor-element-populated\">\n\t\t\t\t\t\t<div class=\"elementor-element elementor-element-3b8f1c6 elementor-widget elementor-widget-wd_image_or_svg\" data-id=\"3b8f1c6\" data-element_type=\"widget\" data-e-type=\"widget\" data-widget_type=\"wd_image_or_svg.default\">\n\t\t\t\t<div class=\"elementor-widget-container\">\n\t\t\t\t\t\n\t\t<div class=\"wd-image text-left\">\n\t\t\t\t\t\t\t\t<img fetchpriority=\"high\" decoding=\"async\" width=\"500\" height=\"500\" src=\"https:\/\/crosspharma.gr\/wp-content\/uploads\/2024\/02\/\u03a6\u0391\u03a1\u039c\u0391\u039a\u039f\u0395\u03a0\u0391\u0393\u03a1\u03a5\u03a0\u039d\u0397\u03a3\u039722.jpg\" class=\"attachment-full size-full\" alt=\"\u03a6\u0391\u03a1\u039c\u0391\u039a\u039f\u0395\u03a0\u0391\u0393\u03a1\u03a5\u03a0\u039d\u0397\u03a3\u0397\" srcset=\"https:\/\/crosspharma.gr\/wp-content\/uploads\/2024\/02\/\u03a6\u0391\u03a1\u039c\u0391\u039a\u039f\u0395\u03a0\u0391\u0393\u03a1\u03a5\u03a0\u039d\u0397\u03a3\u039722.jpg 500w, https:\/\/crosspharma.gr\/wp-content\/uploads\/2024\/02\/\u03a6\u0391\u03a1\u039c\u0391\u039a\u039f\u0395\u03a0\u0391\u0393\u03a1\u03a5\u03a0\u039d\u0397\u03a3\u039722-300x300.jpg 300w, https:\/\/crosspharma.gr\/wp-content\/uploads\/2024\/02\/\u03a6\u0391\u03a1\u039c\u0391\u039a\u039f\u0395\u03a0\u0391\u0393\u03a1\u03a5\u03a0\u039d\u0397\u03a3\u039722-150x150.jpg 150w, https:\/\/crosspharma.gr\/wp-content\/uploads\/2024\/02\/\u03a6\u0391\u03a1\u039c\u0391\u039a\u039f\u0395\u03a0\u0391\u0393\u03a1\u03a5\u03a0\u039d\u0397\u03a3\u039722-430x430.jpg 430w\" sizes=\"(max-width: 500px) 100vw, 500px\" \/>\t\t\t\t\t<\/div>\n\n\t\t\t\t\t\t<\/div>\n\t\t\t\t<\/div>\n\t\t\t\t\t<\/div>\n\t\t<\/div>\n\t\t\t\t<div class=\"elementor-column elementor-col-50 elementor-top-column elementor-element elementor-element-7a9daa7 elementor-invisible\" data-id=\"7a9daa7\" data-element_type=\"column\" data-e-type=\"column\" data-settings=\"{&quot;animation&quot;:&quot;slideInRight&quot;,&quot;animation_delay&quot;:0}\">\n\t\t\t<div class=\"elementor-widget-wrap elementor-element-populated\">\n\t\t\t\t\t\t<div class=\"elementor-element elementor-element-cf34ae6 elementor-widget elementor-widget-wd_text_block\" data-id=\"cf34ae6\" data-element_type=\"widget\" data-e-type=\"widget\" data-widget_type=\"wd_text_block.default\">\n\t\t\t\t<div class=\"elementor-widget-container\">\n\t\t\t\t\t\t\t<div class=\"wd-text-block reset-last-child text-left\">\n\t\t\t\n\t\t\t<p>La farmacovigilancia es el campo cient\u00edfico del seguimiento de la seguridad de los medicamentos, as\u00ed como de los procedimientos para minimizar el riesgo y mejorar los resultados terap\u00e9uticos de su uso. Para lograrlo, es necesario recopilar y gestionar datos sobre la seguridad de los medicamentos, detectar se\u00f1ales de riesgo y evaluar los datos.<\/p><p>El objetivo de la Farmacovigilancia es garantizar que los beneficios superen los riesgos de los medicamentos en circulaci\u00f3n. Esto se logra identificando nuevas Reacciones Adversas (EA), promoviendo el uso seguro de medicamentos y previniendo las EA.<\/p>\n\t\t\t\t\t<\/div>\n\t\t\t\t\t\t<\/div>\n\t\t\t\t<\/div>\n\t\t\t\t\t<\/div>\n\t\t<\/div>\n\t\t\t\t\t<\/div>\n\t\t<\/section>\n\t\t<div class=\"elementor-element elementor-element-19c4086 e-con-full wd-section-stretch e-flex e-con e-parent\" data-id=\"19c4086\" data-element_type=\"container\" data-e-type=\"container\" data-settings=\"{&quot;background_background&quot;:&quot;classic&quot;}\">\n\t\t\t\t<div class=\"elementor-element elementor-element-2f35f83 elementor-widget elementor-widget-wd_text_block\" data-id=\"2f35f83\" data-element_type=\"widget\" data-e-type=\"widget\" data-widget_type=\"wd_text_block.default\">\n\t\t\t\t<div class=\"elementor-widget-container\">\n\t\t\t\t\t\t\t<div class=\"wd-text-block reset-last-child text-center\">\n\t\t\t\n\t\t\t<p><strong>La informaci\u00f3n sobre la aparici\u00f3n de efectos adversos proviene de los Profesionales de la Salud (Farmac\u00e9uticos, M\u00e9dicos, Enfermeros) directamente y\/o a trav\u00e9s de los Titulares de las Autorizaciones de Comercializaci\u00f3n (TAC), o de los propios pacientes a trav\u00e9s de los Profesionales de la Salud.<\/strong><\/p>\n\t\t\t\t\t<\/div>\n\t\t\t\t\t\t<\/div>\n\t\t\t\t<\/div>\n\t\t\t\t<\/div>\n\t\t\t\t<section class=\"wd-negative-gap elementor-section elementor-top-section elementor-element elementor-element-1a2c71f elementor-reverse-tablet elementor-reverse-mobile elementor-section-boxed elementor-section-height-default elementor-section-height-default\" data-id=\"1a2c71f\" data-element_type=\"section\" data-e-type=\"section\">\n\t\t\t\t\t\t<div class=\"elementor-container elementor-column-gap-default\">\n\t\t\t\t\t<div class=\"elementor-column elementor-col-100 elementor-top-column elementor-element elementor-element-4a6d8fe elementor-invisible\" data-id=\"4a6d8fe\" data-element_type=\"column\" data-e-type=\"column\" data-settings=\"{&quot;animation&quot;:&quot;slideInLeft&quot;,&quot;animation_delay&quot;:0}\">\n\t\t\t<div class=\"elementor-widget-wrap elementor-element-populated\">\n\t\t\t\t\t\t<div class=\"elementor-element elementor-element-c81fb75 elementor-widget elementor-widget-wd_text_block\" data-id=\"c81fb75\" data-element_type=\"widget\" data-e-type=\"widget\" data-widget_type=\"wd_text_block.default\">\n\t\t\t\t<div class=\"elementor-widget-container\">\n\t\t\t\t\t\t\t<div class=\"wd-text-block reset-last-child text-center\">\n\t\t\t\n\t\t\t<p>Los informes de eventos adversos se pueden realizar de cualquier forma.<\/p>\n\t\t\t\t\t<\/div>\n\t\t\t\t\t\t<\/div>\n\t\t\t\t<\/div>\n\t\t\t\t\t<\/div>\n\t\t<\/div>\n\t\t\t\t\t<\/div>\n\t\t<\/section>\n\t\t<div class=\"wd-negative-gap elementor-element elementor-element-4bece8e e-flex e-con-boxed elementor-invisible e-con e-parent\" data-id=\"4bece8e\" data-element_type=\"container\" data-e-type=\"container\" data-settings=\"{&quot;animation&quot;:&quot;slideInLeft&quot;}\">\n\t\t\t\t\t<div class=\"e-con-inner\">\n\t\t<div class=\"elementor-element elementor-element-4b4393e e-con-full e-flex e-con e-child\" data-id=\"4b4393e\" data-element_type=\"container\" data-e-type=\"container\">\n\t\t\t\t<div class=\"elementor-element elementor-element-dcbc2ee elementor-widget elementor-widget-heading\" data-id=\"dcbc2ee\" data-element_type=\"widget\" data-e-type=\"widget\" data-widget_type=\"heading.default\">\n\t\t\t\t<div class=\"elementor-widget-container\">\n\t\t\t\t\t<h4 class=\"elementor-heading-title elementor-size-default\">A los profesionales de la salud<\/h4>\t\t\t\t<\/div>\n\t\t\t\t<\/div>\n\t\t\t\t<div class=\"elementor-element elementor-element-474bb83 elementor-widget elementor-widget-wd_text_block\" data-id=\"474bb83\" data-element_type=\"widget\" data-e-type=\"widget\" data-widget_type=\"wd_text_block.default\">\n\t\t\t\t<div class=\"elementor-widget-container\">\n\t\t\t\t\t\t\t<div class=\"wd-text-block reset-last-child text-center\">\n\t\t\t\n\t\t\t<p>(Farmac\u00e9uticos, M\u00e9dicos, Enfermeras)<\/p>\n\t\t\t\t\t<\/div>\n\t\t\t\t\t\t<\/div>\n\t\t\t\t<\/div>\n\t\t\t\t<\/div>\n\t\t<div class=\"elementor-element elementor-element-b02c6d6 e-con-full e-flex e-con e-child\" data-id=\"b02c6d6\" data-element_type=\"container\" data-e-type=\"container\">\n\t\t\t\t<div class=\"elementor-element elementor-element-4f9bbbe elementor-widget elementor-widget-heading\" data-id=\"4f9bbbe\" data-element_type=\"widget\" data-e-type=\"widget\" data-widget_type=\"heading.default\">\n\t\t\t\t<div class=\"elementor-widget-container\">\n\t\t\t\t\t<h4 class=\"elementor-heading-title elementor-size-default\">Al Titular de la Autorizaci\u00f3n de Comercializaci\u00f3n:<\/h4>\t\t\t\t<\/div>\n\t\t\t\t<\/div>\n\t\t\t\t<div class=\"elementor-element elementor-element-17f8c5f elementor-widget elementor-widget-wd_text_block\" data-id=\"17f8c5f\" data-element_type=\"widget\" data-e-type=\"widget\" data-widget_type=\"wd_text_block.default\">\n\t\t\t\t<div class=\"elementor-widget-container\">\n\t\t\t\t\t\t\t<div class=\"wd-text-block reset-last-child text-left\">\n\t\t\t\n\t\t\t<ul><li>Por tel\u00e9fono al\u00a02310909656<\/li><li>Por fax al 2310909656<\/li><li>Por correo electr\u00f3nico a <a href=\"mailto:info@crosspharma.gr\">info@crosspharma.gr<\/a><\/li><\/ul>\n\t\t\t\t\t<\/div>\n\t\t\t\t\t\t<\/div>\n\t\t\t\t<\/div>\n\t\t\t\t<\/div>\n\t\t<div class=\"elementor-element elementor-element-1adcc5c e-con-full e-flex e-con e-child\" data-id=\"1adcc5c\" data-element_type=\"container\" data-e-type=\"container\">\n\t\t\t\t<div class=\"elementor-element elementor-element-eb1390a elementor-widget elementor-widget-heading\" data-id=\"eb1390a\" data-element_type=\"widget\" data-e-type=\"widget\" data-widget_type=\"heading.default\">\n\t\t\t\t<div class=\"elementor-widget-container\">\n\t\t\t\t\t<h4 class=\"elementor-heading-title elementor-size-default\">Al Departamento de Farmacovigilancia:<\/h4>\t\t\t\t<\/div>\n\t\t\t\t<\/div>\n\t\t\t\t<div class=\"elementor-element elementor-element-9c78745 elementor-widget elementor-widget-wd_text_block\" data-id=\"9c78745\" data-element_type=\"widget\" data-e-type=\"widget\" data-widget_type=\"wd_text_block.default\">\n\t\t\t\t<div class=\"elementor-widget-container\">\n\t\t\t\t\t\t\t<div class=\"wd-text-block reset-last-child text-left\">\n\t\t\t\n\t\t\t<ul><li>Por tel\u00e9fono al 210-2838200<\/li><li>Por correo electr\u00f3nico a <a href=\"mailto:pv@globaldevelopment.gr\">pv@globaldevelopment.gr<\/a><\/li><\/ul>\n\t\t\t\t\t<\/div>\n\t\t\t\t\t\t<\/div>\n\t\t\t\t<\/div>\n\t\t\t\t<\/div>\n\t\t\t\t\t<\/div>\n\t\t\t\t<\/div>\n\t\t<div class=\"wd-negative-gap elementor-element elementor-element-e498e7e e-flex e-con-boxed elementor-invisible e-con e-parent\" data-id=\"e498e7e\" data-element_type=\"container\" data-e-type=\"container\" data-settings=\"{&quot;animation&quot;:&quot;slideInRight&quot;}\">\n\t\t\t\t\t<div class=\"e-con-inner\">\n\t\t\t\t<div class=\"elementor-element elementor-element-d542e0a elementor-widget elementor-widget-heading\" data-id=\"d542e0a\" data-element_type=\"widget\" data-e-type=\"widget\" data-widget_type=\"heading.default\">\n\t\t\t\t<div class=\"elementor-widget-container\">\n\t\t\t\t\t<h4 class=\"elementor-heading-title elementor-size-default\">Al Organismo Nacional de Medicamentos (EOF), al Departamento de Reacciones Adversas, mediante la presentaci\u00f3n de la Tarjeta Amarilla por los siguientes medios:<\/h4>\t\t\t\t<\/div>\n\t\t\t\t<\/div>\n\t\t\t\t\t<\/div>\n\t\t\t\t<\/div>\n\t\t<div class=\"wd-negative-gap elementor-element elementor-element-b3b6740 e-flex e-con-boxed elementor-invisible e-con e-parent\" data-id=\"b3b6740\" data-element_type=\"container\" data-e-type=\"container\" data-settings=\"{&quot;animation&quot;:&quot;slideInRight&quot;}\">\n\t\t\t\t\t<div class=\"e-con-inner\">\n\t\t<div class=\"elementor-element elementor-element-6edc5f4 e-con-full e-flex e-con e-child\" data-id=\"6edc5f4\" data-element_type=\"container\" data-e-type=\"container\">\n\t\t\t\t<div class=\"elementor-element elementor-element-0e81d48 elementor-widget elementor-widget-wd_text_block\" data-id=\"0e81d48\" data-element_type=\"widget\" data-e-type=\"widget\" data-widget_type=\"wd_text_block.default\">\n\t\t\t\t<div class=\"elementor-widget-container\">\n\t\t\t\t\t\t\t<div class=\"wd-text-block reset-last-child text-left\">\n\t\t\t\n\t\t\t<ul><li>Presentaci\u00f3n electr\u00f3nica de la Tarjeta Amarilla a trav\u00e9s del sitio web del Organismo Nacional de Medicamentos:<br \/><a href=\"http:\/\/www.eof.gr\/web\/guest\/yellowgeneral\"><strong>http:\/\/www.eof.gr\/web\/guest\/yellowgeneral<\/strong><\/a><\/li><li><p>Env\u00edo de la Tarjeta Amarilla por fax al<strong> 6549.585<\/strong><\/p><\/li><\/ul>\n\t\t\t\t\t<\/div>\n\t\t\t\t\t\t<\/div>\n\t\t\t\t<\/div>\n\t\t\t\t<\/div>\n\t\t<div class=\"elementor-element elementor-element-d6870e1 e-con-full e-flex e-con e-child\" data-id=\"d6870e1\" data-element_type=\"container\" data-e-type=\"container\">\n\t\t\t\t<div class=\"elementor-element elementor-element-e7a81c5 elementor-widget elementor-widget-wd_text_block\" data-id=\"e7a81c5\" data-element_type=\"widget\" data-e-type=\"widget\" data-widget_type=\"wd_text_block.default\">\n\t\t\t\t<div class=\"elementor-widget-container\">\n\t\t\t\t\t\t\t<div class=\"wd-text-block reset-last-child text-left\">\n\t\t\t\n\t\t\t<ul><li>Env\u00edo de la Tarjeta Amarilla en formato impreso por correo postal, sin coste, al Departamento de Reacciones Adversas del Organismo Nacional de Medicamentos (Mesogeion 284, Holargos 15562). Tel\u00e9fonos de contacto: <strong>20.40.380<\/strong>\u03ae\u00a0<strong>213.20.40.337<\/strong><\/li><\/ul>\n\t\t\t\t\t<\/div>\n\t\t\t\t\t\t<\/div>\n\t\t\t\t<\/div>\n\t\t\t\t<\/div>\n\t\t\t\t\t<\/div>\n\t\t\t\t<\/div>\n\t\t\t\t<\/div>\n\t\t","protected":false},"excerpt":{"rendered":"<p>FARMACOVIGILANCIA La farmacovigilancia es el campo cient\u00edfico del seguimiento de la seguridad de los medicamentos, as\u00ed como de los procedimientos<\/p>\n","protected":false},"author":20,"featured_media":0,"parent":0,"menu_order":0,"comment_status":"closed","ping_status":"closed","template":"","meta":{"footnotes":""},"class_list":["post-18827","page","type-page","status-publish","hentry"],"_links":{"self":[{"href":"https:\/\/crosspharma.gr\/es\/wp-json\/wp\/v2\/pages\/18827","targetHints":{"allow":["GET"]}}],"collection":[{"href":"https:\/\/crosspharma.gr\/es\/wp-json\/wp\/v2\/pages"}],"about":[{"href":"https:\/\/crosspharma.gr\/es\/wp-json\/wp\/v2\/types\/page"}],"author":[{"embeddable":true,"href":"https:\/\/crosspharma.gr\/es\/wp-json\/wp\/v2\/users\/20"}],"replies":[{"embeddable":true,"href":"https:\/\/crosspharma.gr\/es\/wp-json\/wp\/v2\/comments?post=18827"}],"version-history":[{"count":7,"href":"https:\/\/crosspharma.gr\/es\/wp-json\/wp\/v2\/pages\/18827\/revisions"}],"predecessor-version":[{"id":19206,"href":"https:\/\/crosspharma.gr\/es\/wp-json\/wp\/v2\/pages\/18827\/revisions\/19206"}],"wp:attachment":[{"href":"https:\/\/crosspharma.gr\/es\/wp-json\/wp\/v2\/media?parent=18827"}],"curies":[{"name":"wp","href":"https:\/\/api.w.org\/{rel}","templated":true}]}}