{"id":20523,"date":"2024-07-31T06:16:55","date_gmt":"2024-07-31T06:16:55","guid":{"rendered":"https:\/\/crosspharma.gr\/?page_id=20523"},"modified":"2025-06-16T09:44:51","modified_gmt":"2025-06-16T09:44:51","slug":"terminos-y-condiciones-de-uso","status":"publish","type":"page","link":"https:\/\/crosspharma.gr\/es\/terminos-y-condiciones-de-uso\/","title":{"rendered":"T\u00e9rminos y condiciones de uso"},"content":{"rendered":"\n<h2 class=\"wp-block-heading\">INTRODUCCI\u00d3N<\/h2>\n\n\n\n<p>Los datos completos de nuestra Empresa son los siguientes:<\/p>\n\n\n\n<p><strong>Raz\u00f3n social:<\/strong> CROSS PHARMACEUTICALS PC<br><strong>Nombre comercial:<\/strong> CROSS PHARMACEUTICALS P.C.<br><strong>N\u00famero de registro mercantil (GEMI):<\/strong> 059286604000<br><strong>A.F.M. (n\u00famero fiscal):<\/strong> 998033328<br><strong>Direcci\u00f3n:<\/strong> 4 Kostis Palamas Street, Pylaia, GR-55535, Sal\u00f3nica<br><strong>Correo electr\u00f3nico:<\/strong> <a>info@crosspharma.gr<\/a><br><strong>Tel\u00e9fono de contacto:<\/strong> +30 2310 909656<\/p>\n\n\n\n<h3 class=\"wp-block-heading\"><strong>\u00c1MBITO DE APLICACI\u00d3N<\/strong><\/h3>\n\n\n\n<p>Los T\u00e9rminos de Uso, seg\u00fan sean modificados y actualizados ocasionalmente, constituyen los t\u00e9rminos y condiciones bajo los cuales ponemos a su disposici\u00f3n el Sitio web y son aplicables desde su primera visita. Regulan su navegaci\u00f3n, el uso del Sitio y la relaci\u00f3n jur\u00eddica entre usted y CROSS, as\u00ed como los servicios que ofrecemos a trav\u00e9s del Sitio.<\/p>\n\n\n\n<p>Los T\u00e9rminos de Uso se aplican a todos los servicios que le ofrece el Sitio, as\u00ed como a aquellos que puedan a\u00f1adirse en el futuro.<\/p>\n\n\n\n<p>Antes de continuar navegando en el Sitio, le recomendamos leer atentamente los T\u00e9rminos de Uso, ya que constituyen un contrato legalmente vinculante entre usted y CROSS.<\/p>\n\n\n\n<p>Al acceder al Sitio, su contenido y los servicios ofrecidos, usted, el usuario, declara sin reservas que acepta los T\u00e9rminos de Uso y comprende su contenido. Si no est\u00e1 de acuerdo con todo o parte de los T\u00e9rminos de Uso, deber\u00e1 abstenerse de navegar por el Sitio y no utilizar los servicios proporcionados a trav\u00e9s del mismo.<\/p>\n\n\n\n<p>Los T\u00e9rminos de Uso, as\u00ed como los servicios del Sitio, pueden ser modificados ocasionalmente sin previo aviso. Las modificaciones entran en vigor desde el momento en que se publican en el Sitio y son vinculantes desde ese momento. Le recomendamos imprimir o guardar una copia de los T\u00e9rminos de Uso, ya que estos regir\u00e1n nuestra relaci\u00f3n. Le aconsejamos revisar regularmente los T\u00e9rminos de Uso. Su uso continuado del Sitio se considerar\u00e1 como aceptaci\u00f3n sin reservas de los T\u00e9rminos de Uso vigentes en cada momento.<\/p>\n\n\n\n<p>Si tiene alguna duda relacionada con el contenido y los servicios del Sitio o con los T\u00e9rminos de Uso, puede contactarnos por correo electr\u00f3nico, postal o telef\u00f3nicamente utilizando los datos de contacto mencionados anteriormente.<\/p>\n\n\n\n<p>CROSS se reserva el derecho de prohibir el uso del Sitio web y de los servicios ofrecidos a trav\u00e9s del mismo en caso de incumplimiento por parte del usuario de los T\u00e9rminos de Uso o de la legislaci\u00f3n aplicable.<\/p>\n\n\n\n<h3 class=\"wp-block-heading\"><strong>USO DEL SITIO WEB<\/strong><\/h3>\n\n\n\n<p>El usuario del Sitio Web est\u00e1 obligado a hacer uso legal del mismo y a cumplir con los T\u00e9rminos de Uso y la legislaci\u00f3n vigente. Al utilizar el Sitio Web y los servicios ofrecidos a trav\u00e9s de \u00e9l, usted declara y garantiza que ha cumplido los 18 a\u00f1os de edad, posee capacidad legal para contratar y que est\u00e1 debidamente autorizado en caso de utilizar los servicios del Sitio Web en nombre de terceros a quienes representa.<\/p>\n\n\n\n<p>En el caso de que, como m\u00e9dico, solicite el registro y la creaci\u00f3n de una cuenta electr\u00f3nica en el Sitio Web, con el fin de acceder a instrucciones de uso e informaci\u00f3n sobre productos farmac\u00e9uticos y parafarmac\u00e9uticos de nuestra Empresa, usted es exclusivamente responsable de la veracidad y exactitud de los datos que introduce. En caso de que, durante su registro, introduzca datos inexactos o falsos, especialmente en relaci\u00f3n con su condici\u00f3n m\u00e9dica, nuestra Empresa no asume ninguna responsabilidad por el uso indebido o imprudente de la informaci\u00f3n sobre los productos farmac\u00e9uticos o parafarmac\u00e9uticos de nuestra Empresa. Usted es exclusivamente responsable de todas las actividades que se realicen a trav\u00e9s de su cuenta, es decir, de todas las acciones realizadas con sus credenciales (por ejemplo, nombre de usuario, contrase\u00f1a), independientemente de si dichas acciones son realizadas por usted, sus empleados\/colaboradores o un tercero. Usted es exclusivamente responsable de mantener la seguridad de su cuenta y contrase\u00f1a. CROSS no se hace responsable de ninguna p\u00e9rdida o da\u00f1o que pueda resultar de la divulgaci\u00f3n o falta de seguridad de sus credenciales.<\/p>\n\n\n\n<p>Est\u00e1 expresamente prohibido cualquier acto que infrinja la legislaci\u00f3n griega o que pueda da\u00f1ar a la Empresa y\/o a terceros, tales como, entre otros: causar de cualquier manera da\u00f1os a terceros a trav\u00e9s del Sitio Web, especialmente a menores; enga\u00f1ar a terceros sobre el origen y\/o contenido del Sitio Web; da\u00f1ar la imagen y reputaci\u00f3n de la Empresa; impedir el libre acceso al Sitio Web; distorsionar el contenido del Sitio Web, incluida la informaci\u00f3n relativa a los productos y\/o servicios; publicar informaci\u00f3n inexacta, incompleta, infundada, enga\u00f1osa o ilegal, noticias u opiniones (como comentarios difamatorios, insultantes, confidenciales, etc.); instalar o promover, de cualquier manera, publicidad no solicitada o no autorizada, correos electr\u00f3nicos no solicitados (spam), cartas en cadena, esquemas piramidales o cualquier otro tipo de promoci\u00f3n de contenido; o colocar anuncios sin la aprobaci\u00f3n escrita de la Empresa; instalar c\u00f3digos o archivos de programas que puedan causar fallos en el uso del Sitio Web.<\/p>\n\n\n\n<p>Asimismo, el usuario tiene prohibido utilizar el Sitio Web para da\u00f1ar a terceros de cualquier manera, as\u00ed como sus derechos, incluidos, entre otros, los derechos de propiedad intelectual, industrial y de protecci\u00f3n de datos personales. El usuario no debe destruir, deshabilitar, sobrecargar ni da\u00f1ar el Sitio Web, ni utilizar medios no autorizados para modificar su contenido o interferir con su funcionamiento de ninguna manera. En caso de que el usuario tenga acceso a sitios web a trav\u00e9s del Sitio Web, se considerar\u00e1 que acepta irrevocablemente que CROSS no asume ninguna responsabilidad por su contenido ni por cualquier asunto relacionado con dichos sitios.<\/p>\n\n\n\n<p>En caso de infracci\u00f3n de los T\u00e9rminos de Uso, la Empresa se reserva el derecho de ejercer todas las acciones legales necesarias para proteger sus intereses, y los infractores deber\u00e1n compensar cualquier da\u00f1o que se le cause.<\/p>\n\n\n\n<p>El usuario reconoce, acepta y garantiza sin reservas que es el \u00fanico responsable de indemnizar \u00edntegramente a la Empresa y de mantenerla indemne frente a cualquier tipo de da\u00f1o o perjuicio que puedan sufrir el Sitio Web, nuestra Empresa y\/o terceros como resultado (directo o indirecto) de cualquier infracci\u00f3n de los T\u00e9rminos de Uso y\/o de la legislaci\u00f3n vigente por parte del usuario.<\/p>\n\n\n\n<h3 class=\"wp-block-heading\"><strong>DERECHOS DE PROPIEDAD INTELECTUAL<\/strong><\/h3>\n\n\n\n<p>El contenido del Sitio Web, incluidos todos los derechos de propiedad intelectual (industrial y literaria), bienes intangibles, registrados o no, tales como, entre otros, im\u00e1genes, gr\u00e1ficos, fotograf\u00edas, dise\u00f1os, textos, estructura y la apariencia general (\u00ablook &amp; feel\u00bb), marcas comerciales y distintivos, constituyen propiedad intelectual de CROSS y\/o de sus colaboradores y est\u00e1n protegidos por las leyes aplicables del derecho griego, del derecho de la Uni\u00f3n Europea y por tratados y convenciones internacionales.<\/p>\n\n\n\n<p>En consecuencia, el contenido del Sitio Web y ninguno de los derechos de propiedad intelectual o bienes intangibles mencionados puede ser, en todo o en parte, cedido, vendido, copiado, modificado, reproducido, republicado, cargado, transmitido, distribuido o presentado al p\u00fablico por usted de ninguna manera, a menos que cuente con la autorizaci\u00f3n previa, espec\u00edfica y por escrito de CROSS o del tercero titular o licenciatario de los respectivos derechos.<\/p>\n\n\n\n<p>Usted entiende y acepta que no se le concede el derecho de reproducir, copiar, vender, revender y\/o explotar comercialmente, de ninguna manera y por ning\u00fan motivo, la totalidad o parte del contenido del Sitio Web, sin perjuicio de cualquier derecho legal de CROSS a ejercer acciones legales contra cualquier usuario que infrinja esta cl\u00e1usula de uso de cualquier manera.<\/p>\n\n\n\n<h3 class=\"wp-block-heading\"><strong>DESCARGO DE RESPONSABILIDAD<\/strong><\/h3>\n\n\n\n<p>Los T\u00e9rminos de Uso establecen el contenido completo de las obligaciones y responsabilidades de CROSS en relaci\u00f3n con los servicios del Sitio Web, salvo que se acuerde lo contrario en t\u00e9rminos m\u00e1s espec\u00edficos.<\/p>\n\n\n\n<p>El contenido y los servicios del Sitio Web se proporcionan \u00abtal como est\u00e1n\u00bb, sin ninguna garant\u00eda expresa o impl\u00edcita de CROSS de ning\u00fan tipo. Esto significa que el Sitio Web se utiliza \u201ctal cual\u201d sin posibilidad de modificaciones o intervenciones por su parte.<\/p>\n\n\n\n<p>Sin perjuicio de cualquier derecho legal de CROSS, esta no garantiza, asume obligaci\u00f3n ni tiene responsabilidad alguna (civil o penal), salvo lo expresamente previsto en los T\u00e9rminos de Uso, por cualquier da\u00f1o sufrido por el usuario debido al uso del Sitio Web.<\/p>\n\n\n\n<p>CROSS, bajo ninguna circunstancia y en ning\u00fan caso, incluida la negligencia \u2013en la m\u00e1xima medida permitida por la ley\u2013 ser\u00e1 responsable por cualquier tipo de da\u00f1o que sufra el usuario del Sitio Web o cualquier tercero (material o inmaterial, directo o indirecto, de cualquier naturaleza y causa):<\/p>\n\n\n\n<p>(a)\u2003por el uso de los servicios y contenidos del Sitio Web, uso que realiza por propia iniciativa, y\/o<br>(b)\u2003por la violaci\u00f3n de los T\u00e9rminos de Uso o de la legislaci\u00f3n vigente por parte del usuario,<br>(c)\u2003por fuerza mayor o eventos fuera del control de CROSS, como por ejemplo la posible indisponibilidad o errores del Sitio Web y sus contenidos o servicios (incluyendo, entre otros: interrupciones de internet, cortes de energ\u00eda, fallos en equipos tecnol\u00f3gicos, problemas de telecomunicaciones) u otras razones t\u00e9cnicas o de mantenimiento del Sitio Web,<br>(d)\u2003por actos ilegales u omisiones de terceros (como vulneraciones de seguridad, intrusiones ilegales en el Sitio Web),<br>(e)\u2003por informaci\u00f3n y material disponible en el Sitio Web proporcionado por terceros colaboradores de CROSS o cedido bajo licencia o recopilado de fuentes externas no controladas por CROSS. Por ejemplo, la informaci\u00f3n sobre los productos mostrados ha sido proporcionada por los proveedores, quienes son los \u00fanicos responsables de la misma,<br>(f)\u2003por comentarios u otros contenidos publicados por cualquier tercero o usuario en el Sitio Web.<\/p>\n\n\n\n<p>Sin perjuicio de disposiciones legales imperativas, cualquier responsabilidad de CROSS hacia el usuario o terceros por cualquier reclamaci\u00f3n (incluyendo da\u00f1os extracontractuales) queda excluida.<\/p>\n\n\n\n<p>En caso de incumplimiento de los T\u00e9rminos de Uso o de la legislaci\u00f3n vigente, usted deber\u00e1 indemnizar plenamente a CROSS por cualquier reclamaci\u00f3n, responsabilidad, da\u00f1o o gasto.<\/p>\n\n\n\n<h3 class=\"wp-block-heading\"><strong>ENLACES \u2013 CONTENIDO EXTERNO<\/strong><\/h3>\n\n\n\n<p>El Sitio Web puede contener enlaces, hiperv\u00ednculos, banners publicitarios u otras referencias a sitios web de terceros, cuya disponibilidad, contenido, pol\u00edtica de privacidad, calidad y completitud de servicios no controla CROSS.<\/p>\n\n\n\n<p>Los terceros son plenamente responsables de la seguridad, legalidad y validez del contenido de las p\u00e1ginas que controlan y mantienen.<\/p>\n\n\n\n<p>CROSS no asume ninguna responsabilidad por la disponibilidad, contenido, pol\u00edtica de privacidad, calidad o exactitud de las p\u00e1ginas de terceros accesibles mediante enlaces, hiperv\u00ednculos o banners desde el Sitio Web. En consecuencia, si surge alg\u00fan problema durante la visita o uso de dichas p\u00e1ginas o funciones, el usuario debe contactar directamente a los responsables de los respectivos sitios.<\/p>\n\n\n\n<p>En ning\u00fan caso debe entenderse que CROSS respalda o aprueba el contenido o las funciones de los sitios web a los que remite el Sitio Web.<\/p>\n\n\n\n<p>El usuario acepta expresa e incondicionalmente que CROSS no ser\u00e1 responsable de ninguna p\u00e9rdida o da\u00f1o, cualquiera que sea su causa, nombre o forma, que pueda sufrir como resultado de la disponibilidad de los sitios o fuentes externas de terceros antes mencionadas, o de la confianza depositada en su contenido, precisi\u00f3n o en cualquier producto, publicidad u otro material disponible.<\/p>\n\n\n\n<p>Le aconsejamos leer cuidadosamente los t\u00e9rminos de uso, pol\u00edtica de privacidad y pol\u00edtica de cookies de dichos sitios web de terceros, y conservar una copia.<\/p>\n\n\n\n<h3 class=\"wp-block-heading\"><strong>COMENTARIOS DE USUARIOS<\/strong><\/h3>\n\n\n\n<p>Si publica comentarios a trav\u00e9s del Sitio Web, declara y garantiza expresa e incondicionalmente que dichos comentarios son exactos, veraces y legales de acuerdo con los T\u00e9rminos de Uso y la legislaci\u00f3n vigente, y que no vulneran derechos de la Empresa ni de terceros.<\/p>\n\n\n\n<p>CROSS no asume ninguna responsabilidad por comentarios publicados por cualquier usuario y se reserva el derecho a eliminarlos a su entera discreci\u00f3n (por ejemplo, si los considera difamatorios).<\/p>\n\n\n\n<h3 class=\"wp-block-heading\"><strong>SEGURIDAD Y DISPONIBILIDAD DEL SITIO WEB<\/strong><\/h3>\n\n\n\n<p>CROSS aplica medidas t\u00e9cnicas adecuadas para garantizar que el Sitio Web sea un entorno digital seguro. En particular, la Empresa realiza todos los esfuerzos posibles para proteger el Sitio Web contra software malicioso, teniendo en cuenta los avances tecnol\u00f3gicos recientes y los posibles riesgos, sin poder garantizar que se elimine por completo la posibilidad de ataques cibern\u00e9ticos ilegales.<\/p>\n\n\n\n<p>El usuario tambi\u00e9n debe tomar las medidas t\u00e9cnicas necesarias para proteger el dispositivo a trav\u00e9s del cual accede y\/o utiliza el Sitio Web (por ejemplo, instalar un programa antivirus en su ordenador) antes de acceder y\/o utilizar el Sitio Web.<\/p>\n\n\n\n<p>Tal como ya se ha mencionado, la Empresa proporciona el Sitio Web \u00abtal cual es\u00bb. Por lo tanto, no est\u00e1 obligada a notificar previamente al usuario sobre posibles modificaciones del Sitio Web, ni asume responsabilidad alguna en caso de modificaci\u00f3n, total o parcial, del contenido y\/o de las funciones\/servicios del Sitio Web, ni en caso de interrupci\u00f3n temporal o permanente de la disponibilidad y\/o del acceso a todo o parte del Sitio Web.<\/p>\n\n\n\n<h3 class=\"wp-block-heading\"><strong>LEGISLACI\u00d3N APLICABLE<\/strong><\/h3>\n\n\n\n<p>Los T\u00e9rminos de Uso, cualquier modificaci\u00f3n de los mismos, as\u00ed como todas las cuestiones relacionadas con el Sitio Web y los servicios proporcionados por nuestra Empresa, se rigen y regulan por la legislaci\u00f3n griega.<\/p>\n\n\n\n<p>En caso de que surja cualquier controversia entre usted y CROSS derivada del uso del Sitio Web por su parte, los tribunales de Tesal\u00f3nica tendr\u00e1n jurisdicci\u00f3n exclusiva para la resoluci\u00f3n de cualquier disputa relacionada con los T\u00e9rminos de Uso y el Sitio Web. La jurisdicci\u00f3n exclusiva de los tribunales del municipio de Tesal\u00f3nica tambi\u00e9n incluye medidas cautelares, \u00f3rdenes temporales y conflictos derivados de actos il\u00edcitos.<\/p>\n\n\n\n<p>Cualquier disposici\u00f3n de los T\u00e9rminos de Uso que se considere inv\u00e1lida y\/o nula por contravenir la legislaci\u00f3n aplicable mencionada anteriormente, dejar\u00e1 de tener efecto autom\u00e1ticamente y se eliminar\u00e1 de los T\u00e9rminos de Uso, sin que ello afecte en modo alguno la validez de las dem\u00e1s disposiciones.<\/p>\n\n\n\n<p>Los T\u00e9rminos de Uso se proporcionan en los idiomas griego e ingl\u00e9s. En caso de discrepancia, prevalecer\u00e1 el texto en griego para la interpretaci\u00f3n y aplicaci\u00f3n de los T\u00e9rminos de Uso.<\/p>\n\n\n\n<p>Cualquier retraso o abstenci\u00f3n por parte de CROSS en el ejercicio de un derecho en ning\u00fan caso se interpretar\u00e1 como renuncia a dicho derecho.<\/p>\n\n\n\n<p>Gracias por visitar el Sitio Web.<\/p>\n\n\n\n<p><strong>Fecha de publicaci\u00f3n de los T\u00e9rminos de Uso: 30\/07\/2024<\/strong>.<\/p>\n\n\n\n<p><\/p>\n\n\n\n<p><\/p>\n\n\n\n<p><\/p>\n\n\n\n<p><\/p>\n","protected":false},"excerpt":{"rendered":"<p>INTRODUCCI\u00d3N Los datos completos de nuestra Empresa son los siguientes: Raz\u00f3n social: CROSS PHARMACEUTICALS PCNombre comercial: CROSS PHARMACEUTICALS P.C.N\u00famero de<\/p>\n","protected":false},"author":20,"featured_media":0,"parent":0,"menu_order":0,"comment_status":"closed","ping_status":"closed","template":"","meta":{"footnotes":""},"class_list":["post-20523","page","type-page","status-publish","hentry"],"_links":{"self":[{"href":"https:\/\/crosspharma.gr\/es\/wp-json\/wp\/v2\/pages\/20523","targetHints":{"allow":["GET"]}}],"collection":[{"href":"https:\/\/crosspharma.gr\/es\/wp-json\/wp\/v2\/pages"}],"about":[{"href":"https:\/\/crosspharma.gr\/es\/wp-json\/wp\/v2\/types\/page"}],"author":[{"embeddable":true,"href":"https:\/\/crosspharma.gr\/es\/wp-json\/wp\/v2\/users\/20"}],"replies":[{"embeddable":true,"href":"https:\/\/crosspharma.gr\/es\/wp-json\/wp\/v2\/comments?post=20523"}],"version-history":[{"count":4,"href":"https:\/\/crosspharma.gr\/es\/wp-json\/wp\/v2\/pages\/20523\/revisions"}],"predecessor-version":[{"id":20741,"href":"https:\/\/crosspharma.gr\/es\/wp-json\/wp\/v2\/pages\/20523\/revisions\/20741"}],"wp:attachment":[{"href":"https:\/\/crosspharma.gr\/es\/wp-json\/wp\/v2\/media?parent=20523"}],"curies":[{"name":"wp","href":"https:\/\/api.w.org\/{rel}","templated":true}]}}