{"id":20536,"date":"2024-07-31T06:09:52","date_gmt":"2024-07-31T06:09:52","guid":{"rendered":"https:\/\/crosspharma.gr\/?page_id=20536"},"modified":"2025-06-02T12:45:42","modified_gmt":"2025-06-02T12:45:42","slug":"politica-de-cookies","status":"publish","type":"page","link":"https:\/\/crosspharma.gr\/es\/politica-de-cookies\/","title":{"rendered":"Pol\u00edtica de cookies"},"content":{"rendered":"\n<h2 class=\"wp-block-heading\"><strong><u>Introducci\u00f3n<\/u><\/strong><\/h2>\n\n\n\n<p>La presente Pol\u00edtica de Cookies constituye parte integral de la Pol\u00edtica de Privacidad del Sitio Web.<\/p>\n\n\n\n<p>El Sitio Web utiliza cookies para mejorar su funcionamiento y la experiencia de navegaci\u00f3n de los usuarios. Por lo tanto, cuando lo visita, una cookie puede instalarse en su dispositivo.<\/p>\n\n\n\n<p>Una cookie es un peque\u00f1o archivo de texto que puede almacenarse en un \u201cequipo terminal\u201d (por ejemplo, su ordenador o su tel\u00e9fono m\u00f3vil) cuando navega por internet. Permite a CROSS reconocer su dispositivo, recopilar informaci\u00f3n sobre los patrones de uso cuando navega en nuestro sitio web, guardar cierta informaci\u00f3n sobre sus preferencias o acciones previas, mejorar la experiencia en l\u00ednea y la experiencia personalizada. Las cookies tambi\u00e9n pueden utilizarse para ofrecer anuncios adaptados a sus intereses en los sitios web que visita y para analizar la eficacia de dichos anuncios.<\/p>\n\n\n\n<p>Puede aceptar o rechazar las cookies en cualquier momento \u2013 salvo las cookies estrictamente necesarias (que se utilizan para garantizar el funcionamiento eficaz de nuestro sitio web), puede eliminar las cookies ya almacenadas en su dispositivo, impedir que se almacenen nuevas cookies y recibir notificaciones antes de que se instale una nueva cookie configurando el software de su navegador.<\/p>\n\n\n\n<p>Cuando ciertos tipos de cookies requieren su consentimiento previo (por ejemplo, cookies publicitarias), se le solicitar\u00e1 mediante un banner correspondiente al acceder al Sitio Web (en adelante \u201cBanner de Cookies\u201d).<\/p>\n\n\n\n<p>El Banner de Cookies est\u00e1 disponible en el Sitio Web y puede encontrarlo <a class=\"cookie-renew-link\" style=\"cursor:pointer; text-decoration:underline; color:#0073aa;\" href=\"#\">aqu\u00ed<\/a><\/p>\n\n\n\n<h3 class=\"wp-block-heading\"><strong><u>Tipos de cookies<\/u><\/strong><\/h3>\n\n\n\n<p>Podemos utilizar cookies \u00abpermanentes\u00bb o \u00abpersistentes\u00bb, as\u00ed como cookies de \u00absesi\u00f3n\u00bb o \u00abtemporales\u00bb. Una cookie \u00abpermanente\u00bb o \u00abpersistente\u00bb permanecer\u00e1 durante el per\u00edodo de tiempo definido para esa cookie espec\u00edfica o hasta que usted la elimine. Una cookie de \u00absesi\u00f3n\u00bb o \u00abtemporal\u00bb se instala \u00fanicamente durante el tiempo de su visita a nuestro Sitio Web y expira al salir del mismo o al cerrar su navegador.<\/p>\n\n\n\n<p>Tambi\u00e9n podemos utilizar cookies de seguimiento de terceros proveedores, como por ejemplo Google, o proveedores de redes sociales en caso de que comparta contenido de nuestro Sitio Web en dichas plataformas, ya sea aceptando las cookies correspondientes o seleccionando la opci\u00f3n de compartir (\u00abshare\u00bb).<\/p>\n\n\n\n<p><strong>Los tipos \/ categor\u00edas de cookies son los siguientes:<\/strong><\/p>\n\n\n\n<figure class=\"wp-block-table\"><table class=\"has-fixed-layout\"><tbody><tr><td><strong>A<\/strong><\/td><td><strong><strong>Cookies estrictamente necesarios<\/strong><\/strong><\/td><td>Se utilizan para que nuestro sitio web funcione de manera eficiente y le faciliten la navegaci\u00f3n y el uso de sus funcionalidades. Por ejemplo, se utilizan para rastrear la informaci\u00f3n que introduce al completar formularios en l\u00ednea en diferentes p\u00e1ginas y para asegurarnos de que el contenido de su p\u00e1gina se cargue r\u00e1pida y eficazmente, distribuyendo la carga de trabajo entre varios servidores (equilibrio de carga &#8211; load balancing).<\/td><td>Estas cookies son cookies de sesi\u00f3n que se eliminan al cerrar su navegador.<\/td><\/tr><tr><td><strong>B<\/strong><\/td><td><strong>Cookies de an\u00e1lisis \/ rendimiento<\/strong><\/td><td>Se utilizan para analizar c\u00f3mo funciona nuestro sitio web, con el fin de mejorarlo y maximizar sus capacidades. Por ejemplo, se utilizan para contar estad\u00edsticamente el p\u00fablico que lo visita, estimar el n\u00famero de visitantes \u00fanicos, identificar las palabras clave m\u00e1s reconocidas en los motores de b\u00fasqueda que conducen a nuestro sitio o detectar problemas de navegaci\u00f3n.<\/td><td>Utilizamos estas cookies solo si nos ha dado su consentimiento previo. Estas suelen ser \u00abpersistentes\u00bb, ya que permanecen en su dispositivo para que podamos usarlas durante otra visita a nuestro sitio web. Para obtener informaci\u00f3n sobre c\u00f3mo eliminar estas cookies, consulte el cap\u00edtulo \u00ab\u00bfC\u00f3mo puedo cambiar mis configuraciones de cookies?\u00bb de esta Pol\u00edtica, o en el banner de cookies del Sitio Web.<\/td><\/tr><tr><td>C<\/td><td><strong>Cookies de funcionalidad<\/strong><\/td><td>Ayudan a mejorar su experiencia recordando sus preferencias y elecciones mientras navega por el sitio web o acciones anteriores. Por ejemplo, estas cookies pueden recordar preferencias como el tama\u00f1o del texto, los fondos y otros elementos personalizables del sitio web.<\/td><td>Utilizamos estas cookies solo si nos ha dado su consentimiento previo. Estas suelen ser \u00abpersistentes\u00bb, ya que permanecen en su dispositivo para que podamos usarlas durante otra visita a nuestro sitio web. Para obtener informaci\u00f3n sobre c\u00f3mo eliminar estas cookies, consulte el cap\u00edtulo \u00ab\u00bfC\u00f3mo puedo cambiar mis configuraciones de cookies?\u00bb de esta Pol\u00edtica, o en el banner de cookies del Sitio Web.<\/td><\/tr><tr><td>D<\/td><td><strong>Cookies de segmentaci\u00f3n \/ publicitarias<\/strong><\/td><td>Se utilizan para compartir cierta informaci\u00f3n con terceros con los que nos anunciamos, a fin de saber c\u00f3mo ha llegado a nuestro sitio web. Estas cookies registran su visita a nuestro sitio web, las secciones que ha visitado, lo que le interesa y los enlaces que ha seguido, para reconocerle como visitante anterior y rastrear su actividad en nuestro sitio y en otros sitios web que visita. Esta informaci\u00f3n se utiliza para mostrarle anuncios que creemos que pueden interesarle, para adaptar la forma en que nos comunicamos con usted o personalizar el contenido de nuestras comunicaciones.<\/td><td>Utilizamos estas cookies solo si nos ha dado su consentimiento previo. Estas suelen ser \u00abpersistentes\u00bb, ya que permanecen en su dispositivo para que podamos usarlas durante otra visita a nuestro sitio web. Para obtener informaci\u00f3n sobre c\u00f3mo eliminar estas cookies, consulte el cap\u00edtulo \u00ab\u00bfC\u00f3mo puedo cambiar mis configuraciones de cookies?\u00bb de esta Pol\u00edtica, o en el banner de cookies del Sitio Web.<\/td><\/tr><\/tbody><\/table><\/figure>\n\n\n\n<p>De acuerdo con la legislaci\u00f3n vigente sobre la protecci\u00f3n de sus datos personales y el uso de cookies, el uso de cookies opcionales requiere su consentimiento. En pocas palabras, aparte de la categor\u00eda de cookies estrictamente necesarias, utilizamos todas las categor\u00edas mencionadas anteriormente (de an\u00e1lisis, rendimiento, funcionalidad, segmentaci\u00f3n, publicidad) <strong>\u00fanicamente si usted nos ha otorgado su consentimiento<\/strong>. Para las cookies estrictamente necesarias <strong>no se requiere su consentimiento<\/strong>, ya que su uso es esencial para el funcionamiento t\u00e9cnico ininterrumpido del Sitio Web y est\u00e1 permitido por la legislaci\u00f3n aplicable.<\/p>\n\n\n\n<p>Encontrar\u00e1 informaci\u00f3n m\u00e1s detallada sobre las cookies que utilizamos, incluida su categor\u00eda, duraci\u00f3n y proveedor, en el <strong>Banner de Cookies<\/strong> de nuestro Sitio Web, disponible <a class=\"cookie-renew-link\" style=\"cursor:pointer; text-decoration:underline; color:#0073aa;\" href=\"#\">aqu\u00ed<\/a><\/p>\n\n\n\n<h3 class=\"wp-block-heading\"><strong><u><strong>\u00bfC\u00f3mo puedo cambiar mis preferencias de cookies?<\/strong><\/u><\/strong><\/h3>\n\n\n\n<p>Puede gestionar en cualquier momento sus preferencias sobre las cookies de nuestro Sitio Web, revocando su consentimiento para las cookies opcionales que haya aceptado previamente.<\/p>\n\n\n\n<p>La gesti\u00f3n de sus preferencias relativas al uso de cookies puede realizarse a trav\u00e9s del <strong>Banner de Cookies<\/strong> de nuestro Sitio Web, disponible en el siguiente enlace <a class=\"cookie-renew-link\" style=\"cursor:pointer; text-decoration:underline; color:#0073aa;\" href=\"#\">link<\/a><\/p>\n\n\n\n<p>La mayor\u00eda de los navegadores tambi\u00e9n permiten controlar la mayor\u00eda de las cookies a trav\u00e9s de su configuraci\u00f3n. Aprenda c\u00f3mo gestionar las cookies en los navegadores m\u00e1s populares:<\/p>\n\n\n\n<ul class=\"wp-block-list\">\n<li><a href=\"https:\/\/support.google.com\/accounts\/answer\/61416?co=GENIE.Platform%3DDesktop&amp;hl=en\">Google Chrome<\/a><\/li>\n\n\n\n<li><a href=\"https:\/\/privacy.microsoft.com\/en-us\/windows-10-microsoft-edge-and-privacy\">Microsoft Edge<\/a><\/li>\n\n\n\n<li><a href=\"https:\/\/support.mozilla.org\/en-US\/kb\/enable-and-disable-cookies-website-preferences\">Mozilla Firefox<\/a><\/li>\n\n\n\n<li><a href=\"https:\/\/support.microsoft.com\/en-gb\/help\/17442\/windows-internet-explorer-delete-manage-cookies\">Microsoft Internet Explorer<\/a><\/li>\n\n\n\n<li><a href=\"https:\/\/www.opera.com\/help\/tutorials\/security\/privacy\/\">Opera<\/a><\/li>\n\n\n\n<li><a href=\"https:\/\/support.apple.com\/kb\/ph21411?locale=en_US\">Apple Safari<\/a><\/li>\n<\/ul>\n\n\n\n<p>Para obtener m\u00e1s informaci\u00f3n sobre las cookies, puede visitar el sitio web <a class=\"\" href=\"http:\/\/www.aboutcookies.org\">www.aboutcookies.org<\/a> o el sitio web <a class=\"\" href=\"http:\/\/www.allaboutcookies.org\">www.allaboutcookies.org<\/a>.<\/p>\n\n\n\n<p>Para m\u00e1s detalles sobre c\u00f3mo tratamos sus datos personales, por favor consulte nuestra Pol\u00edtica de Privacidad, disponible tambi\u00e9n <a href=\"https:\/\/crosspharma.gr\/politiki-idiotikotitas\/\"><strong><u>aqu\u00ed<\/u><\/strong><\/a><\/p>\n\n\n\n<p><a id=\"_msocom_1\"><\/a><\/p>\n","protected":false},"excerpt":{"rendered":"<p>Introducci\u00f3n La presente Pol\u00edtica de Cookies constituye parte integral de la Pol\u00edtica de Privacidad del Sitio Web. El Sitio Web<\/p>\n","protected":false},"author":20,"featured_media":0,"parent":0,"menu_order":0,"comment_status":"closed","ping_status":"closed","template":"","meta":{"footnotes":""},"class_list":["post-20536","page","type-page","status-publish","hentry"],"_links":{"self":[{"href":"https:\/\/crosspharma.gr\/es\/wp-json\/wp\/v2\/pages\/20536","targetHints":{"allow":["GET"]}}],"collection":[{"href":"https:\/\/crosspharma.gr\/es\/wp-json\/wp\/v2\/pages"}],"about":[{"href":"https:\/\/crosspharma.gr\/es\/wp-json\/wp\/v2\/types\/page"}],"author":[{"embeddable":true,"href":"https:\/\/crosspharma.gr\/es\/wp-json\/wp\/v2\/users\/20"}],"replies":[{"embeddable":true,"href":"https:\/\/crosspharma.gr\/es\/wp-json\/wp\/v2\/comments?post=20536"}],"version-history":[{"count":3,"href":"https:\/\/crosspharma.gr\/es\/wp-json\/wp\/v2\/pages\/20536\/revisions"}],"predecessor-version":[{"id":20546,"href":"https:\/\/crosspharma.gr\/es\/wp-json\/wp\/v2\/pages\/20536\/revisions\/20546"}],"wp:attachment":[{"href":"https:\/\/crosspharma.gr\/es\/wp-json\/wp\/v2\/media?parent=20536"}],"curies":[{"name":"wp","href":"https:\/\/api.w.org\/{rel}","templated":true}]}}