{"id":20548,"date":"2025-04-01T17:32:40","date_gmt":"2025-04-01T17:32:40","guid":{"rendered":"https:\/\/crosspharma.gr\/?page_id=20548"},"modified":"2025-06-02T12:58:32","modified_gmt":"2025-06-02T12:58:32","slug":"politica-de-privacidad-para-candidatos-empleados","status":"publish","type":"page","link":"https:\/\/crosspharma.gr\/es\/politica-de-privacidad-para-candidatos-empleados\/","title":{"rendered":"Pol\u00edtica de privacidad para candidatos empleados"},"content":{"rendered":"\n<h2 class=\"wp-block-heading\">I. DATOS DE LA EMPRESA<\/h2>\n\n\n\n<p>La sociedad de responsabilidad limitada con la denominaci\u00f3n \u00abCROSS \u03a6\u0391\u03a1\u039c\u0391\u039a\u0395\u03a5\u03a4\u0399\u039a\u0397 \u0395\u03a4\u0391\u0399\u03a1\u0399\u0391 \u0399\u0394\u0399\u03a9\u03a4\u0399\u039a\u0397 \u039a\u0395\u03a6\u0391\u039b\u0391\u0399\u039f\u03a5\u03a7\u0399\u039a\u0397 \u0395\u03a4\u0391\u0399\u03a1\u0399\u0391\u00bb y el nombre comercial \u00abCROSS PHARMACEUTICALS P.C.\u00bb, con domicilio en Tesal\u00f3nica (KOSTI PALAMA 4, PYLAIA, TESAL\u00d3NICA, 55535), con NIF 998033328 (en adelante, \u00abnosotros\u00bb, la \u00abEmpresa\u00bb o \u00abCROSS\u00bb), act\u00faa como Responsable del Tratamiento de sus datos personales como candidatos a un puesto de trabajo en nuestra Empresa, de conformidad con el Reglamento General de Protecci\u00f3n de Datos n.\u00ba 2016\/679 (en adelante, \u00abRGPD\u00bb) y la Ley n.\u00ba 4624\/2019 sobre protecci\u00f3n de datos personales (en adelante, conjuntamente \u00abla legislaci\u00f3n aplicable\u00bb).<\/p>\n\n\n\n<h3 class=\"wp-block-heading\">II. \u00c1MBITO DE APLICACI\u00d3N<\/h3>\n\n\n\n<p>La presente Pol\u00edtica de Privacidad de Candidatos (en adelante, la \u00abpresente\u00bb o simplemente \u00abPol\u00edtica\u00bb) le informa sobre la forma en que tratamos cualquier informaci\u00f3n que pueda identificarle directa o indirectamente, es decir, cualquier dato personal que nos proporcione como candidato a un puesto de trabajo al enviarnos su solicitud, ya sea de forma espont\u00e1nea o en respuesta a una oferta de empleo publicada por nosotros.<\/p>\n\n\n\n<p>En concreto, le informamos sobre c\u00f3mo tratamos los datos personales que nos proporcione, ya sea directamente o a trav\u00e9s de terceros autorizados (por ejemplo, agencias de empleo), durante todo el proceso de contrataci\u00f3n, desde la presentaci\u00f3n de su candidatura hasta su posible aceptaci\u00f3n o rechazo por parte de la Empresa.<\/p>\n\n\n\n<p>En caso de que se acepte su candidatura, nuestra Empresa le informar\u00e1 sobre el tratamiento de los datos personales de los empleados a trav\u00e9s de una pol\u00edtica espec\u00edfica que mantenemos para tal fin.<\/p>\n\n\n\n<p>Destacamos que no utilizamos decisiones automatizadas sin intervenci\u00f3n humana, incluida la elaboraci\u00f3n de perfiles, que produzcan efectos jur\u00eddicos que le afecten o le afecten de forma significativa.<\/p>\n\n\n\n<h3 class=\"wp-block-heading\">III. CATEGOR\u00cdAS DE DATOS PERSONALES Y FUENTES<\/h3>\n\n\n\n<p>La facilitaci\u00f3n de sus datos personales a nuestra Empresa es voluntaria. Si no nos proporciona sus datos personales o lo hace de forma incompleta, es posible que no podamos evaluar su solicitud.<\/p>\n\n\n\n<h3 class=\"wp-block-heading\">A. Presentaci\u00f3n de la solicitud de empleo<\/h3>\n\n\n\n<p>Cuando presenta su solicitud de empleo a trav\u00e9s del formulario correspondiente en nuestro Sitio Web o por cualquier otro medio (por ejemplo, por correo electr\u00f3nico), normalmente recopilamos y tratamos las siguientes categor\u00edas de datos personales que nos proporciona:<\/p>\n\n\n\n<ul class=\"wp-block-list\">\n<li>Datos identificativos, como nombre y apellidos.<\/li>\n\n\n\n<li>Datos de contacto, como n\u00famero de tel\u00e9fono y direcci\u00f3n de correo electr\u00f3nico.<\/li>\n\n\n\n<li>Curr\u00edculum vitae (CV), con toda la informaci\u00f3n que haya incluido, como su formaci\u00f3n y experiencia profesional (por ejemplo, antecedentes laborales y educativos, competencias ling\u00fc\u00edsticas, cualificaciones, talentos, habilidades profesionales y carta de presentaci\u00f3n si corresponde).<\/li>\n<\/ul>\n\n\n\n<h3 class=\"wp-block-heading\">B. Evaluaci\u00f3n de la solicitud de empleo<\/h3>\n\n\n\n<p>En caso de que le invitemos a una entrevista, para poder evaluar su solicitud y la informaci\u00f3n proporcionada, normalmente recopilamos y tratamos las siguientes categor\u00edas de datos personales que nos proporcione:<\/p>\n\n\n\n<ul class=\"wp-block-list\">\n<li>Informaci\u00f3n que nos proporcione durante la entrevista, como sus respuestas a preguntas relacionadas con el puesto, su capacidad para trabajar en Grecia, su idoneidad para el puesto y las razones por las que desea trabajar con nosotros.<\/li>\n\n\n\n<li>Cualquier nota que tomemos sobre sus respuestas.<\/li>\n<\/ul>\n\n\n\n<h3 class=\"wp-block-heading\">C. Oferta de empleo<\/h3>\n\n\n\n<p>Si le enviamos una oferta de empleo y usted la acepta, es posible que le solicitemos informaci\u00f3n adicional para llevar a cabo ciertos controles previos necesarios antes de la contrataci\u00f3n. En concreto, estamos obligados a verificar la identidad, la capacidad, la fiabilidad y la integridad de nuestro personal. En esta etapa, normalmente tratamos las siguientes categor\u00edas de datos personales que nos proporciona:<\/p>\n\n\n\n<ul class=\"wp-block-list\">\n<li>Datos identificativos, como nombre del padre y de la madre, n\u00famero de documento de identidad, sexo, fecha y lugar de nacimiento, nacionalidad, fotograf\u00eda tipo pasaporte.<\/li>\n\n\n\n<li>Datos de contacto, como direcci\u00f3n postal, direcci\u00f3n de correo electr\u00f3nico, n\u00famero de tel\u00e9fono (fijo y\/o m\u00f3vil).<\/li>\n\n\n\n<li>Curr\u00edculum vitae, t\u00edtulos acad\u00e9micos, diplomas y certificados de idiomas o de formaci\u00f3n profesional (si los hay).<\/li>\n\n\n\n<li>Datos personales y familiares, como certificado de cotizaciones al seguro social (IKA o n\u00famero AMA), n\u00famero de identificaci\u00f3n fiscal (AFM), n\u00famero de la seguridad social (AMKA), estado civil, personas a cargo.<\/li>\n\n\n\n<li>Datos bancarios, como el n\u00famero de cuenta bancaria.<\/li>\n<\/ul>\n\n\n\n<p>Si acepta la oferta de empleo y es contratado por nuestra Empresa, se le informar\u00e1 del tratamiento de los datos personales de los empleados mediante la pol\u00edtica interna correspondiente vigente en cada momento.<\/p>\n\n\n\n<h3 class=\"wp-block-heading\"><strong>IV. Fines y base legal del tratamiento<\/strong><\/h3>\n\n\n\n<p>\u0397 \u0395\u03c4\u03b1\u03b9\u03c1\u03b5\u03af\u03b1 \u03bc\u03b1\u03c2 \u03c3\u03c5\u03bb\u03bb\u03ad\u03b3\u03b5\u03b9 \u03ba\u03b1\u03b9 \u03b5\u03c0\u03b5\u03be\u03b5\u03c1\u03b3\u03ac\u03b6\u03b5\u03c4\u03b1\u03b9 \u03c4\u03b1 \u03c0Nuestra Empresa recopila y trata sus datos personales en la medida en que lo permite o lo exige la legislaci\u00f3n aplicable, con el prop\u00f3sito de:<\/p>\n\n\n\n<ul class=\"wp-block-list\">\n<li>contactarlo y evaluar su solicitud, especialmente en relaci\u00f3n con si cumple con los requisitos de contrataci\u00f3n para el puesto vacante correspondiente.<\/li>\n\n\n\n<li>proponerle futuras oportunidades laborales, en caso de que se rechace su solicitud inicial, siempre que nos lo haya solicitado y nos haya otorgado su consentimiento para recibir dicha informaci\u00f3n.<\/li>\n\n\n\n<li>proteger los intereses leg\u00edtimos de nuestra Empresa (por ejemplo, para presentar y\/o apoyar nuestras reclamaciones legales),<\/li>\n\n\n\n<li>cumplir con sus obligaciones legales derivadas del conjunto de disposiciones normativas que rigen su actividad empresarial.<\/li>\n<\/ul>\n\n\n\n<p>La base legal para el tratamiento de sus datos personales es el art\u00edculo 6, apartado 1, letra b) del RGPD, seg\u00fan el cual el tratamiento de sus datos personales es necesario para tomar medidas, a solicitud suya, antes de la posible celebraci\u00f3n de un contrato de trabajo con nuestra Empresa. En caso de que su solicitud sea rechazada y nos pida conservar sus datos personales con el fin de informarle sobre futuras oportunidades laborales en CROSS, el tratamiento de sus datos personales se basar\u00e1 en su consentimiento, de conformidad con el art\u00edculo 6, apartado 1, letra a) del RGPD.<\/p>\n\n\n\n<h3 class=\"wp-block-heading\">V. Transmisi\u00f3n de datos \u2013 Destinatarios<\/h3>\n\n\n\n<p>Por regla general, no compartimos ni transferimos datos a terceros. Podemos transferir algunos de sus datos personales a terceros, conforme al art\u00edculo 6, apartado 1, letra f) del RGPD, para los intereses leg\u00edtimos de nuestra Empresa, es decir, para apoyar los procesos de contrataci\u00f3n. Podemos utilizar sistemas inform\u00e1ticos o servicios proporcionados por proveedores externos (por ejemplo, proveedores de software de contrataci\u00f3n) para respaldar el proceso de contrataci\u00f3n. En este caso, los terceros actuar\u00e1n como \u00abencargados del tratamiento\u00bb conforme al RGPD y deber\u00e1n tratar sus datos personales de forma segura, actuar bajo nuestras instrucciones en el marco de la relaci\u00f3n contractual y cumplir con la legislaci\u00f3n aplicable sobre protecci\u00f3n de datos personales. Tambi\u00e9n podemos transmitir sus datos personales a autoridades judiciales y\/o policiales, autoridades independientes o gubernamentales si as\u00ed lo exige la legislaci\u00f3n vigente. No compartimos sus datos personales con terceros con fines de marketing o promoci\u00f3n de productos o servicios.<\/p>\n\n\n\n<h3 class=\"wp-block-heading\">VI. Transferencias de datos fuera de la Uni\u00f3n Europea \/ Espacio Econ\u00f3mico Europeo<\/h3>\n\n\n\n<p>Por regla general, no transferimos sus datos personales fuera de la Uni\u00f3n Europea o del Espacio Econ\u00f3mico Europeo. En caso de que sea necesario transferir sus datos personales fuera de la UE\/EEE en el marco y para los fines mencionados anteriormente, dicha transferencia se realizar\u00e1 conforme a la legislaci\u00f3n vigente, y CROSS garantizar\u00e1 un nivel adecuado de protecci\u00f3n de los datos. Mediante la celebraci\u00f3n de contratos apropiados de transferencia de datos basados en las Cl\u00e1usulas Contractuales Tipo, accesibles a usted previa solicitud al correo electr\u00f3nico: <a>registration@crosspharma.gr<\/a>, o adoptando otras medidas para garantizar un nivel adecuado de protecci\u00f3n de datos, CROSS se asegura o confirma que los destinatarios ofrecen un nivel de protecci\u00f3n adecuado para sus datos personales.<\/p>\n\n\n\n<h3 class=\"wp-block-heading\">VII. Per\u00edodo de conservaci\u00f3n de los datos<\/h3>\n\n\n\n<p>Sus datos personales se conservar\u00e1n durante el tiempo necesario para cumplir con los fines para los que fueron recopilados. Una vez cumplido el prop\u00f3sito del tratamiento, eliminaremos o anonimizaremos sus datos personales, salvo que existan razones legales para conservarlos. Por regla general, los datos personales de los candidatos cuya solicitud haya sido rechazada se conservar\u00e1n durante un mes despu\u00e9s de la finalizaci\u00f3n del proceso de contrataci\u00f3n. Si su solicitud es rechazada y usted solicita a CROSS ser informado sobre futuras oportunidades laborales, sus datos personales se conservar\u00e1n durante 12 meses o hasta que revoque su consentimiento. Al finalizar los per\u00edodos de conservaci\u00f3n, sus datos personales ser\u00e1n eliminados o destruidos legal y de forma segura conforme a nuestros procedimientos y pol\u00edticas. En algunos casos, nuestra Empresa tiene derecho a conservar datos estad\u00edsticos anonimizados (por ejemplo, para mejorar el proceso de contrataci\u00f3n).<\/p>\n\n\n\n<h3 class=\"wp-block-heading\">VIII. Sus derechos<\/h3>\n\n\n\n<p>Podr\u00e1 ejercer, seg\u00fan corresponda, los derechos previstos por la legislaci\u00f3n aplicable en materia de protecci\u00f3n de datos personales, que son los siguientes:<\/p>\n\n\n\n<ul class=\"wp-block-list\">\n<li>Derecho de informaci\u00f3n (art\u00edculo 13 del RGPD),<\/li>\n\n\n\n<li>Derecho de acceso (art\u00edculo 15 del RGPD),<\/li>\n\n\n\n<li>Derecho de rectificaci\u00f3n (art\u00edculo 16 del RGPD),<\/li>\n\n\n\n<li>Derecho de supresi\u00f3n (art\u00edculo 17 del RGPD),<\/li>\n\n\n\n<li>Derecho a la limitaci\u00f3n del tratamiento (art\u00edculo 18 del RGPD),<\/li>\n\n\n\n<li>Derecho a la portabilidad de los datos (recibir sus datos en un formato estructurado y de uso com\u00fan \u2013 art\u00edculo 20 del RGPD, cuando sea aplicable), y<\/li>\n\n\n\n<li>Derecho de oposici\u00f3n (art\u00edculo 21 del RGPD), aplicable a determinadas actividades de tratamiento de datos.<\/li>\n<\/ul>\n\n\n\n<p>Adem\u00e1s, cuando solicitemos su consentimiento expreso para el tratamiento de sus datos personales (como en el caso de que nos pida conservar sus datos despu\u00e9s del rechazo de su solicitud para informarle sobre futuras oportunidades laborales), tendr\u00e1 derecho a revocar su consentimiento en cualquier momento (art\u00edculo 7, apartado 3 del RGPD) comunic\u00e1ndose con nosotros por escrito a trav\u00e9s de los datos de contacto publicados en nuestro Sitio Web.<\/p>\n\n\n\n<p>Tenga en cuenta que los derechos anteriores pueden estar sujetos a limitaciones conforme a la legislaci\u00f3n aplicable. Tambi\u00e9n tiene derecho a presentar una reclamaci\u00f3n ante la Autoridad de Protecci\u00f3n de Datos Personales (APDPX) si considera que sus datos personales est\u00e1n siendo tratados de forma ilegal o se est\u00e1n vulnerando sus derechos. La APDPX tiene su sede en Atenas (Kifisias 1-3, C.P. 115 23). Para conocer las competencias de la APDPX y el procedimiento para presentar una reclamaci\u00f3n, puede visitar su sitio web (<a class=\"\" href=\"http:\/\/www.dpa.gr\/\">http:\/\/www.dpa.gr\/<\/a>)<\/p>\n\n\n\n<p>En caso de que desee consultar la Pol\u00edtica de Privacidad de nuestra Empresa, puede encontrarla disponible <strong><a href=\"https:\/\/crosspharma.gr\/politiki-idiotikotitas\/\">aqu\u00ed<\/a><\/strong><\/p>\n\n\n\n<p><\/p>\n","protected":false},"excerpt":{"rendered":"<p>I. DATOS DE LA EMPRESA La sociedad de responsabilidad limitada con la denominaci\u00f3n \u00abCROSS \u03a6\u0391\u03a1\u039c\u0391\u039a\u0395\u03a5\u03a4\u0399\u039a\u0397 \u0395\u03a4\u0391\u0399\u03a1\u0399\u0391 \u0399\u0394\u0399\u03a9\u03a4\u0399\u039a\u0397 \u039a\u0395\u03a6\u0391\u039b\u0391\u0399\u039f\u03a5\u03a7\u0399\u039a\u0397 \u0395\u03a4\u0391\u0399\u03a1\u0399\u0391\u00bb y<\/p>\n","protected":false},"author":20,"featured_media":0,"parent":0,"menu_order":0,"comment_status":"closed","ping_status":"closed","template":"","meta":{"footnotes":""},"class_list":["post-20548","page","type-page","status-publish","hentry"],"_links":{"self":[{"href":"https:\/\/crosspharma.gr\/es\/wp-json\/wp\/v2\/pages\/20548","targetHints":{"allow":["GET"]}}],"collection":[{"href":"https:\/\/crosspharma.gr\/es\/wp-json\/wp\/v2\/pages"}],"about":[{"href":"https:\/\/crosspharma.gr\/es\/wp-json\/wp\/v2\/types\/page"}],"author":[{"embeddable":true,"href":"https:\/\/crosspharma.gr\/es\/wp-json\/wp\/v2\/users\/20"}],"replies":[{"embeddable":true,"href":"https:\/\/crosspharma.gr\/es\/wp-json\/wp\/v2\/comments?post=20548"}],"version-history":[{"count":2,"href":"https:\/\/crosspharma.gr\/es\/wp-json\/wp\/v2\/pages\/20548\/revisions"}],"predecessor-version":[{"id":20553,"href":"https:\/\/crosspharma.gr\/es\/wp-json\/wp\/v2\/pages\/20548\/revisions\/20553"}],"wp:attachment":[{"href":"https:\/\/crosspharma.gr\/es\/wp-json\/wp\/v2\/media?parent=20548"}],"curies":[{"name":"wp","href":"https:\/\/api.w.org\/{rel}","templated":true}]}}