{"id":19524,"date":"2025-05-30T11:41:12","date_gmt":"2025-05-30T11:41:12","guid":{"rendered":"https:\/\/crosspharma.gr\/?post_type=product&#038;p=19524"},"modified":"2025-08-28T12:37:23","modified_gmt":"2025-08-28T12:37:23","slug":"gynobiome","status":"publish","type":"product","link":"https:\/\/crosspharma.gr\/es\/producto\/gynobiome\/","title":{"rendered":"GynoBiome\u00ae"},"content":{"rendered":"\t\t<div data-elementor-type=\"product-post\" data-elementor-id=\"19524\" class=\"elementor elementor-19524 elementor-19521\">\n\t\t\t\t<div class=\"wd-negative-gap elementor-element elementor-element-a5c81eb e-flex e-con-boxed e-con e-parent\" data-id=\"a5c81eb\" data-element_type=\"container\" data-e-type=\"container\">\n\t\t\t\t\t<div class=\"e-con-inner\">\n\t\t<div class=\"elementor-element elementor-element-d6157b8 e-con-full e-flex e-con e-child\" data-id=\"d6157b8\" data-element_type=\"container\" data-e-type=\"container\">\n\t\t\t\t<div class=\"elementor-element elementor-element-6447dd12 color-scheme-inherit text-left elementor-widget elementor-widget-text-editor\" data-id=\"6447dd12\" data-element_type=\"widget\" data-e-type=\"widget\" data-widget_type=\"text-editor.default\">\n\t\t\t\t<div class=\"elementor-widget-container\">\n\t\t\t\t\t\t\t\t\t<p>GynoBiome\u00ae es un dispositivo m\u00e9dico de nueva generaci\u00f3n con cepas no vivas (tendiladas) de lactobacilos para uso vaginal que contribuye a restablecer el equilibrio del microbioma vaginal.<\/p>\t\t\t\t\t\t\t\t<\/div>\n\t\t\t\t<\/div>\n\t\t\t\t<\/div>\n\t\t<div class=\"elementor-element elementor-element-9b8227d e-con-full e-flex e-con e-child\" data-id=\"9b8227d\" data-element_type=\"container\" data-e-type=\"container\">\n\t\t\t\t<div class=\"elementor-element elementor-element-070cc72 elementor-widget elementor-widget-wd_image_or_svg\" data-id=\"070cc72\" data-element_type=\"widget\" data-e-type=\"widget\" data-widget_type=\"wd_image_or_svg.default\">\n\t\t\t\t<div class=\"elementor-widget-container\">\n\t\t\t\t\t\n\t\t<div class=\"wd-image text-left\">\n\t\t\t\t\t\t\t\t<img fetchpriority=\"high\" decoding=\"async\" width=\"2000\" height=\"1305\" src=\"https:\/\/crosspharma.gr\/wp-content\/uploads\/2024\/02\/GynoBiome-and-Suppository-3D-Mockup.png\" class=\"attachment-full size-full\" alt=\"GynoBiome\" srcset=\"https:\/\/crosspharma.gr\/wp-content\/uploads\/2024\/02\/GynoBiome-and-Suppository-3D-Mockup.png 2000w, https:\/\/crosspharma.gr\/wp-content\/uploads\/2024\/02\/GynoBiome-and-Suppository-3D-Mockup-400x261.png 400w, https:\/\/crosspharma.gr\/wp-content\/uploads\/2024\/02\/GynoBiome-and-Suppository-3D-Mockup-1226x800.png 1226w, https:\/\/crosspharma.gr\/wp-content\/uploads\/2024\/02\/GynoBiome-and-Suppository-3D-Mockup-768x501.png 768w, https:\/\/crosspharma.gr\/wp-content\/uploads\/2024\/02\/GynoBiome-and-Suppository-3D-Mockup-1536x1002.png 1536w, https:\/\/crosspharma.gr\/wp-content\/uploads\/2024\/02\/GynoBiome-and-Suppository-3D-Mockup-860x561.png 860w, https:\/\/crosspharma.gr\/wp-content\/uploads\/2024\/02\/GynoBiome-and-Suppository-3D-Mockup-430x281.png 430w, https:\/\/crosspharma.gr\/wp-content\/uploads\/2024\/02\/GynoBiome-and-Suppository-3D-Mockup-700x457.png 700w, https:\/\/crosspharma.gr\/wp-content\/uploads\/2024\/02\/GynoBiome-and-Suppository-3D-Mockup-150x98.png 150w\" sizes=\"(max-width: 2000px) 100vw, 2000px\" \/>\t\t\t\t\t<\/div>\n\n\t\t\t\t\t\t<\/div>\n\t\t\t\t<\/div>\n\t\t\t\t<\/div>\n\t\t\t\t\t<\/div>\n\t\t\t\t<\/div>\n\t\t\t\t<\/div>\n\t\t","protected":false},"excerpt":{"rendered":"<div class=\"product-grid__substance\">\n<div class=\"product-grid__substance\">\n<div class=\"product-grid__substance\">\n<h2>Dispositivo m\u00e9dico de clase IIa<\/h2>\n<p><strong>CE0425 \/ <\/strong>Disponible exclusivamente en farmacias<\/p>\n<div class=\"product-grid__substance\">\n<div class=\"product-grid__substance\">\n<div class=\"product-grid__substance\">\n<div class=\"product-grid__substance\">\n<div class=\"product-grid__substance\">\n<div class=\"product-grid__substance\">\n<div class=\"product-grid__substance\">\n<div class=\"product-grid__substance\">\n<div class=\"product-grid__substance\">\n<div class=\"product-grid__substance\">\n<div class=\"product-grid__substance\">\n<div class=\"product-grid__substance\">\n<div class=\"product-grid__substance\">\n<div><strong>Especialidad: Ginecolog\u00eda<\/strong><br \/>\n<strong>GYNOBIOME, 10 supositorios vaginales<\/strong><br \/>\n<strong>Para la salud: vaginal<\/strong><\/div>\n<div>Producto de tecnolog\u00eda m\u00e9dica de nueva generaci\u00f3n para uso vaginal con cepas de lactobacilos no vivos (tindalizados) para fortalecer la defensa natural de la microflora vaginal. Dise\u00f1ado seg\u00fan los requisitos del nuevo Reglamento Europeo 2017\/745 para productos sanitarios.<br \/>\nLEER ATENTAMENTE LAS INSTRUCCIONES DE USO \u2013 CONSULTE A SU M\u00c9DICO O FARMAC\u00c9UTICO<\/div>\n<\/div>\n<\/div>\n<\/div>\n<\/div>\n<\/div>\n<\/div>\n<\/div>\n<\/div>\n<\/div>\n<\/div>\n<\/div>\n<\/div>\n<\/div>\n<\/div>\n<\/div>\n<\/div>\n","protected":false},"featured_media":19527,"template":"","meta":[],"product_brand":[],"product_cat":[287],"product_tag":[],"class_list":{"0":"post-19524","1":"product","2":"type-product","3":"status-publish","4":"has-post-thumbnail","6":"product_cat-productos-d-tecnologia-medica","8":"first","9":"instock","10":"shipping-taxable","11":"product-type-simple"},"_links":{"self":[{"href":"https:\/\/crosspharma.gr\/es\/wp-json\/wp\/v2\/product\/19524","targetHints":{"allow":["GET"]}}],"collection":[{"href":"https:\/\/crosspharma.gr\/es\/wp-json\/wp\/v2\/product"}],"about":[{"href":"https:\/\/crosspharma.gr\/es\/wp-json\/wp\/v2\/types\/product"}],"version-history":[{"count":12,"href":"https:\/\/crosspharma.gr\/es\/wp-json\/wp\/v2\/product\/19524\/revisions"}],"predecessor-version":[{"id":21000,"href":"https:\/\/crosspharma.gr\/es\/wp-json\/wp\/v2\/product\/19524\/revisions\/21000"}],"wp:featuredmedia":[{"embeddable":true,"href":"https:\/\/crosspharma.gr\/es\/wp-json\/wp\/v2\/media\/19527"}],"wp:attachment":[{"href":"https:\/\/crosspharma.gr\/es\/wp-json\/wp\/v2\/media?parent=19524"}],"wp:term":[{"taxonomy":"product_brand","embeddable":true,"href":"https:\/\/crosspharma.gr\/es\/wp-json\/wp\/v2\/product_brand?post=19524"},{"taxonomy":"product_cat","embeddable":true,"href":"https:\/\/crosspharma.gr\/es\/wp-json\/wp\/v2\/product_cat?post=19524"},{"taxonomy":"product_tag","embeddable":true,"href":"https:\/\/crosspharma.gr\/es\/wp-json\/wp\/v2\/product_tag?post=19524"}],"curies":[{"name":"wp","href":"https:\/\/api.w.org\/{rel}","templated":true}]}}