{"id":19550,"date":"2025-05-30T13:09:24","date_gmt":"2025-05-30T13:09:24","guid":{"rendered":"https:\/\/crosspharma.gr\/?post_type=product&#038;p=19550"},"modified":"2025-05-30T13:29:21","modified_gmt":"2025-05-30T13:29:21","slug":"izicol","status":"publish","type":"product","link":"https:\/\/crosspharma.gr\/es\/producto\/izicol\/","title":{"rendered":"Izicol\u00ae"},"content":{"rendered":"\t\t<div data-elementor-type=\"product-post\" data-elementor-id=\"19550\" class=\"elementor elementor-19550 elementor-19549\">\n\t\t\t\t<div class=\"wd-negative-gap elementor-element elementor-element-a5c81eb e-flex e-con-boxed e-con e-parent\" data-id=\"a5c81eb\" data-element_type=\"container\" data-e-type=\"container\">\n\t\t\t\t\t<div class=\"e-con-inner\">\n\t\t<div class=\"elementor-element elementor-element-d6157b8 e-con-full e-flex e-con e-child\" data-id=\"d6157b8\" data-element_type=\"container\" data-e-type=\"container\">\n\t\t\t\t<div class=\"elementor-element elementor-element-6447dd12 color-scheme-inherit text-left elementor-widget elementor-widget-text-editor\" data-id=\"6447dd12\" data-element_type=\"widget\" data-e-type=\"widget\" data-widget_type=\"text-editor.default\">\n\t\t\t\t<div class=\"elementor-widget-container\">\n\t\t\t\t\t\t\t\t\t<p>Macrogol 3350 gracias a su acci\u00f3n osm\u00f3tica:<\/p><p>&#8211; contribuye a la normalizaci\u00f3n de la motilidad intestinal.<\/p><p>&#8211; favorece su peristaltismo y facilita el ciclo normal de vaciado.<\/p><p>&#8211; tiene un alto perfil de seguridad ya que no se absorbe ni se metaboliza en el intestino y no provoca irritaci\u00f3n de las mucosas.<\/p>\t\t\t\t\t\t\t\t<\/div>\n\t\t\t\t<\/div>\n\t\t\t\t<div class=\"elementor-element elementor-element-b712ab0 elementor-widget__width-auto elementor-widget elementor-widget-wd_button\" data-id=\"b712ab0\" data-element_type=\"widget\" data-e-type=\"widget\" data-widget_type=\"wd_button.default\">\n\t\t\t\t<div class=\"elementor-widget-container\">\n\t\t\t\t\t\t\t<div class=\"wd-button-wrapper text-center\" >\n\t\t\t<a class=\"btn btn-style-default btn-shape-round btn-size-large btn-icon-pos-right\"  href=\"https:\/\/izicol.gr\/izicol\/\" style=\"--btn-color:#fff;\">\n\t\t\t\t<span class=\"wd-btn-text\" data-elementor-setting-key=\"text\">\n\t\t\t\t\tLeer m\u00e1s \t\t\t\t<\/span>\n\n\t\t\t\t\t\t\t<\/a>\n\t\t<\/div>\n\t\t\t\t\t\t<\/div>\n\t\t\t\t<\/div>\n\t\t\t\t<\/div>\n\t\t<div class=\"elementor-element elementor-element-9b8227d e-con-full e-flex e-con e-child\" data-id=\"9b8227d\" data-element_type=\"container\" data-e-type=\"container\">\n\t\t\t\t<div class=\"elementor-element elementor-element-070cc72 elementor-widget elementor-widget-wd_image_or_svg\" data-id=\"070cc72\" data-element_type=\"widget\" data-e-type=\"widget\" data-widget_type=\"wd_image_or_svg.default\">\n\t\t\t\t<div class=\"elementor-widget-container\">\n\t\t\t\t\t\n\t\t<div class=\"wd-image text-left\">\n\t\t\t\t\t\t\t\t<img fetchpriority=\"high\" decoding=\"async\" width=\"960\" height=\"640\" src=\"https:\/\/crosspharma.gr\/wp-content\/uploads\/2024\/02\/Izicol-final1.webp\" class=\"attachment-full size-full\" alt=\"izicol\" srcset=\"https:\/\/crosspharma.gr\/wp-content\/uploads\/2024\/02\/Izicol-final1.webp 960w, https:\/\/crosspharma.gr\/wp-content\/uploads\/2024\/02\/Izicol-final1-400x267.webp 400w, https:\/\/crosspharma.gr\/wp-content\/uploads\/2024\/02\/Izicol-final1-768x512.webp 768w, https:\/\/crosspharma.gr\/wp-content\/uploads\/2024\/02\/Izicol-final1-860x573.webp 860w, https:\/\/crosspharma.gr\/wp-content\/uploads\/2024\/02\/Izicol-final1-430x287.webp 430w, https:\/\/crosspharma.gr\/wp-content\/uploads\/2024\/02\/Izicol-final1-700x467.webp 700w, https:\/\/crosspharma.gr\/wp-content\/uploads\/2024\/02\/Izicol-final1-150x100.webp 150w\" sizes=\"(max-width: 960px) 100vw, 960px\" \/>\t\t\t\t\t<\/div>\n\n\t\t\t\t\t\t<\/div>\n\t\t\t\t<\/div>\n\t\t\t\t<\/div>\n\t\t\t\t\t<\/div>\n\t\t\t\t<\/div>\n\t\t\t\t<\/div>\n\t\t","protected":false},"excerpt":{"rendered":"<div class=\"product-grid__substance\">\n<div class=\"product-grid__substance\">\n<div class=\"product-grid__substance\">\n<h2>IZICOL 20 Sachets<\/h2>\n<div class=\"product-grid__substance\">\n<div class=\"product-grid__substance\">\n<div class=\"product-grid__substance\">\n<div class=\"product-grid__substance\">\n<div class=\"product-grid__substance\">\n<div class=\"product-grid__substance\">\n<div class=\"product-grid__substance\">\n<div class=\"product-grid__substance\">\n<div class=\"product-grid__substance\">\n<div class=\"product-grid__substance\">\n<div class=\"product-grid__substance\">\n<div class=\"product-grid__substance\">\n<p><strong>CE0068 \/ Disponible exclusivamente en farmacias<\/strong><\/p>\n<p><strong>Ingredientes activos: MACROGOL 3350<\/strong><br \/>\n<strong>Para la salud: GASTROINTESTINAL<\/strong><\/p>\n<p>Producto de tecnolog\u00eda m\u00e9dica con macrogol 3350 que contribuye al tratamiento del estre\u00f1imiento cr\u00f3nico y la funci\u00f3n intestinal irregular. Sin gluten, con agradable sabor a naranja.<br \/>\nLEER ATENTAMENTE LAS INSTRUCCIONES DE USO \u2013 CONSULTE A SU M\u00c9DICO O FARMAC\u00c9UTICO<\/p>\n<\/div>\n<\/div>\n<\/div>\n<\/div>\n<\/div>\n<\/div>\n<\/div>\n<\/div>\n<\/div>\n<\/div>\n<\/div>\n<\/div>\n<\/div>\n<\/div>\n<\/div>\n","protected":false},"featured_media":19489,"template":"","meta":[],"product_brand":[],"product_cat":[287],"product_tag":[],"class_list":{"0":"post-19550","1":"product","2":"type-product","3":"status-publish","4":"has-post-thumbnail","6":"product_cat-productos-d-tecnologia-medica","8":"first","9":"instock","10":"shipping-taxable","11":"product-type-simple"},"_links":{"self":[{"href":"https:\/\/crosspharma.gr\/es\/wp-json\/wp\/v2\/product\/19550","targetHints":{"allow":["GET"]}}],"collection":[{"href":"https:\/\/crosspharma.gr\/es\/wp-json\/wp\/v2\/product"}],"about":[{"href":"https:\/\/crosspharma.gr\/es\/wp-json\/wp\/v2\/types\/product"}],"version-history":[{"count":5,"href":"https:\/\/crosspharma.gr\/es\/wp-json\/wp\/v2\/product\/19550\/revisions"}],"predecessor-version":[{"id":19563,"href":"https:\/\/crosspharma.gr\/es\/wp-json\/wp\/v2\/product\/19550\/revisions\/19563"}],"wp:featuredmedia":[{"embeddable":true,"href":"https:\/\/crosspharma.gr\/es\/wp-json\/wp\/v2\/media\/19489"}],"wp:attachment":[{"href":"https:\/\/crosspharma.gr\/es\/wp-json\/wp\/v2\/media?parent=19550"}],"wp:term":[{"taxonomy":"product_brand","embeddable":true,"href":"https:\/\/crosspharma.gr\/es\/wp-json\/wp\/v2\/product_brand?post=19550"},{"taxonomy":"product_cat","embeddable":true,"href":"https:\/\/crosspharma.gr\/es\/wp-json\/wp\/v2\/product_cat?post=19550"},{"taxonomy":"product_tag","embeddable":true,"href":"https:\/\/crosspharma.gr\/es\/wp-json\/wp\/v2\/product_tag?post=19550"}],"curies":[{"name":"wp","href":"https:\/\/api.w.org\/{rel}","templated":true}]}}