{"id":19565,"date":"2025-05-30T13:39:29","date_gmt":"2025-05-30T13:39:29","guid":{"rendered":"https:\/\/crosspharma.gr\/?post_type=product&#038;p=19565"},"modified":"2025-05-30T13:52:41","modified_gmt":"2025-05-30T13:52:41","slug":"izicol-junior","status":"publish","type":"product","link":"https:\/\/crosspharma.gr\/es\/producto\/izicol-junior\/","title":{"rendered":"Izicol\u00ae Junior"},"content":{"rendered":"\t\t<div data-elementor-type=\"product-post\" data-elementor-id=\"19565\" class=\"elementor elementor-19565 elementor-19564\">\n\t\t\t\t<div class=\"wd-negative-gap elementor-element elementor-element-a5c81eb e-flex e-con-boxed e-con e-parent\" data-id=\"a5c81eb\" data-element_type=\"container\" data-e-type=\"container\">\n\t\t\t\t\t<div class=\"e-con-inner\">\n\t\t<div class=\"elementor-element elementor-element-d6157b8 e-con-full e-flex e-con e-child\" data-id=\"d6157b8\" data-element_type=\"container\" data-e-type=\"container\">\n\t\t\t\t<div class=\"elementor-element elementor-element-6447dd12 color-scheme-inherit text-left elementor-widget elementor-widget-text-editor\" data-id=\"6447dd12\" data-element_type=\"widget\" data-e-type=\"widget\" data-widget_type=\"text-editor.default\">\n\t\t\t\t<div class=\"elementor-widget-container\">\n\t\t\t\t\t\t\t\t\t<div class=\"text-center\"><p>Macrogol 3350 gracias a su acci\u00f3n osm\u00f3tica:<\/p><p>&#8211; contribuye a la normalizaci\u00f3n de la motilidad intestinal.<\/p><p>&#8211; favorece su peristaltismo y facilita el ciclo normal de vaciado.<\/p><p>&#8211; tambi\u00e9n tiene un alto perfil de seguridad no se absorbe ni metaboliza en el intestino y no provoca irritaci\u00f3n de las mucosas.<\/p><\/div>\t\t\t\t\t\t\t\t<\/div>\n\t\t\t\t<\/div>\n\t\t\t\t<div class=\"elementor-element elementor-element-b712ab0 elementor-widget__width-auto elementor-widget elementor-widget-wd_button\" data-id=\"b712ab0\" data-element_type=\"widget\" data-e-type=\"widget\" data-widget_type=\"wd_button.default\">\n\t\t\t\t<div class=\"elementor-widget-container\">\n\t\t\t\t\t\t\t<div class=\"wd-button-wrapper text-center\" >\n\t\t\t<a class=\"btn btn-style-default btn-shape-round btn-size-large btn-icon-pos-right\"  href=\"https:\/\/izicol.gr\/izicol-junior\/\" style=\"--btn-color:#fff;\">\n\t\t\t\t<span class=\"wd-btn-text\" data-elementor-setting-key=\"text\">\n\t\t\t\t\tLeer m\u00e1s\t\t\t\t<\/span>\n\n\t\t\t\t\t\t\t<\/a>\n\t\t<\/div>\n\t\t\t\t\t\t<\/div>\n\t\t\t\t<\/div>\n\t\t\t\t<\/div>\n\t\t<div class=\"elementor-element elementor-element-9b8227d e-con-full e-flex e-con e-child\" data-id=\"9b8227d\" data-element_type=\"container\" data-e-type=\"container\">\n\t\t\t\t<div class=\"elementor-element elementor-element-070cc72 elementor-widget elementor-widget-wd_image_or_svg\" data-id=\"070cc72\" data-element_type=\"widget\" data-e-type=\"widget\" data-widget_type=\"wd_image_or_svg.default\">\n\t\t\t\t<div class=\"elementor-widget-container\">\n\t\t\t\t\t\n\t\t<div class=\"wd-image text-left\">\n\t\t\t\t\t\t\t\t<img fetchpriority=\"high\" decoding=\"async\" width=\"894\" height=\"535\" src=\"https:\/\/crosspharma.gr\/wp-content\/uploads\/2024\/02\/Izicol-junior-final2.webp\" class=\"attachment-full size-full\" alt=\"izicol-junior\" srcset=\"https:\/\/crosspharma.gr\/wp-content\/uploads\/2024\/02\/Izicol-junior-final2.webp 894w, https:\/\/crosspharma.gr\/wp-content\/uploads\/2024\/02\/Izicol-junior-final2-400x239.webp 400w, https:\/\/crosspharma.gr\/wp-content\/uploads\/2024\/02\/Izicol-junior-final2-768x460.webp 768w, https:\/\/crosspharma.gr\/wp-content\/uploads\/2024\/02\/Izicol-junior-final2-860x515.webp 860w, https:\/\/crosspharma.gr\/wp-content\/uploads\/2024\/02\/Izicol-junior-final2-430x257.webp 430w, https:\/\/crosspharma.gr\/wp-content\/uploads\/2024\/02\/Izicol-junior-final2-700x419.webp 700w, https:\/\/crosspharma.gr\/wp-content\/uploads\/2024\/02\/Izicol-junior-final2-150x90.webp 150w\" sizes=\"(max-width: 894px) 100vw, 894px\" \/>\t\t\t\t\t<\/div>\n\n\t\t\t\t\t\t<\/div>\n\t\t\t\t<\/div>\n\t\t\t\t<\/div>\n\t\t\t\t\t<\/div>\n\t\t\t\t<\/div>\n\t\t\t\t<\/div>\n\t\t","protected":false},"excerpt":{"rendered":"<div class=\"product-grid__substance\">\n<div class=\"product-grid__substance\">\n<div class=\"product-grid__substance\">\n<h2>IZICOL JUNIOR 20 Sachets<\/h2>\n<p><strong>CE0425 \/<\/strong>Disponible exclusivamente en farmacias<\/p>\n<div class=\"product-grid__substance\">\n<div class=\"product-grid__substance\">\n<div class=\"product-grid__substance\">\n<div class=\"product-grid__substance\">\n<div class=\"product-grid__substance\">\n<div class=\"product-grid__substance\">\n<div class=\"product-grid__substance\">\n<div class=\"product-grid__substance\">\n<div class=\"product-grid__substance\">\n<div class=\"product-grid__substance\">\n<div class=\"product-grid__substance\">\n<div class=\"product-grid__substance\">\n<div class=\"product-grid__substance\">\n<div class=\"product-grid__substance\"><strong>Ingredientes activos: MACROGOL 3350<\/strong><br \/>\n<strong>Para la salud: GASTROINTESTINAL<\/strong><\/div>\n<div>Producto de tecnolog\u00eda m\u00e9dica con macrogol 3350 que contribuye al tratamiento del estre\u00f1imiento cr\u00f3nico y en caso de funci\u00f3n intestinal irregular en ni\u00f1os de 2 a 12 a\u00f1os. Sin gluten, sin az\u00facares a\u00f1adidos, de sabor neutro.<br \/>\nLEER ATENTAMENTE LAS INSTRUCCIONES DE USO \u2013 CONSULTE A SU M\u00c9DICO O FARMAC\u00c9UTICO<\/div>\n<\/div>\n<\/div>\n<\/div>\n<\/div>\n<\/div>\n<\/div>\n<\/div>\n<\/div>\n<\/div>\n<\/div>\n<\/div>\n<\/div>\n<\/div>\n<\/div>\n<\/div>\n<\/div>\n","protected":false},"featured_media":19497,"template":"","meta":[],"product_brand":[],"product_cat":[287],"product_tag":[],"class_list":{"0":"post-19565","1":"product","2":"type-product","3":"status-publish","4":"has-post-thumbnail","6":"product_cat-productos-d-tecnologia-medica","8":"first","9":"instock","10":"shipping-taxable","11":"product-type-simple"},"_links":{"self":[{"href":"https:\/\/crosspharma.gr\/es\/wp-json\/wp\/v2\/product\/19565","targetHints":{"allow":["GET"]}}],"collection":[{"href":"https:\/\/crosspharma.gr\/es\/wp-json\/wp\/v2\/product"}],"about":[{"href":"https:\/\/crosspharma.gr\/es\/wp-json\/wp\/v2\/types\/product"}],"version-history":[{"count":5,"href":"https:\/\/crosspharma.gr\/es\/wp-json\/wp\/v2\/product\/19565\/revisions"}],"predecessor-version":[{"id":19574,"href":"https:\/\/crosspharma.gr\/es\/wp-json\/wp\/v2\/product\/19565\/revisions\/19574"}],"wp:featuredmedia":[{"embeddable":true,"href":"https:\/\/crosspharma.gr\/es\/wp-json\/wp\/v2\/media\/19497"}],"wp:attachment":[{"href":"https:\/\/crosspharma.gr\/es\/wp-json\/wp\/v2\/media?parent=19565"}],"wp:term":[{"taxonomy":"product_brand","embeddable":true,"href":"https:\/\/crosspharma.gr\/es\/wp-json\/wp\/v2\/product_brand?post=19565"},{"taxonomy":"product_cat","embeddable":true,"href":"https:\/\/crosspharma.gr\/es\/wp-json\/wp\/v2\/product_cat?post=19565"},{"taxonomy":"product_tag","embeddable":true,"href":"https:\/\/crosspharma.gr\/es\/wp-json\/wp\/v2\/product_tag?post=19565"}],"curies":[{"name":"wp","href":"https:\/\/api.w.org\/{rel}","templated":true}]}}