{"id":19587,"date":"2025-05-30T15:13:16","date_gmt":"2025-05-30T15:13:16","guid":{"rendered":"https:\/\/crosspharma.gr\/?post_type=product&#038;p=19587"},"modified":"2025-05-30T15:29:11","modified_gmt":"2025-05-30T15:29:11","slug":"fertilu","status":"publish","type":"product","link":"https:\/\/crosspharma.gr\/es\/producto\/fertilu\/","title":{"rendered":"FertilU\u00ae"},"content":{"rendered":"\t\t<div data-elementor-type=\"product-post\" data-elementor-id=\"19587\" class=\"elementor elementor-19587 elementor-19586\">\n\t\t\t\t<div class=\"wd-negative-gap elementor-element elementor-element-a5c81eb e-flex e-con-boxed e-con e-parent\" data-id=\"a5c81eb\" data-element_type=\"container\" data-e-type=\"container\">\n\t\t\t\t\t<div class=\"e-con-inner\">\n\t\t<div class=\"elementor-element elementor-element-d6157b8 e-con-full e-flex e-con e-child\" data-id=\"d6157b8\" data-element_type=\"container\" data-e-type=\"container\">\n\t\t\t\t<div class=\"elementor-element elementor-element-6447dd12 color-scheme-inherit text-left elementor-widget elementor-widget-text-editor\" data-id=\"6447dd12\" data-element_type=\"widget\" data-e-type=\"widget\" data-widget_type=\"text-editor.default\">\n\t\t\t\t<div class=\"elementor-widget-container\">\n\t\t\t\t\t\t\t\t\t<p>Gracias a su composici\u00f3n especialmente dise\u00f1ada, FertilU\u00ae crea un ambiente \u00f3ptimo para los espermatozoides.,contribuye al mantenimiento de niveles de pH que favorecen la concepci\u00f3n natural y logra una osmolalidad amigable con la fisiolog\u00eda del esperma.<\/p>\t\t\t\t\t\t\t\t<\/div>\n\t\t\t\t<\/div>\n\t\t\t\t<\/div>\n\t\t<div class=\"elementor-element elementor-element-9b8227d e-con-full e-flex e-con e-child\" data-id=\"9b8227d\" data-element_type=\"container\" data-e-type=\"container\">\n\t\t\t\t<div class=\"elementor-element elementor-element-070cc72 elementor-widget elementor-widget-wd_image_or_svg\" data-id=\"070cc72\" data-element_type=\"widget\" data-e-type=\"widget\" data-widget_type=\"wd_image_or_svg.default\">\n\t\t\t\t<div class=\"elementor-widget-container\">\n\t\t\t\t\t\n\t\t<div class=\"wd-image text-left\">\n\t\t\t\t\t\t\t\t<img fetchpriority=\"high\" decoding=\"async\" width=\"263\" height=\"300\" src=\"https:\/\/crosspharma.gr\/wp-content\/uploads\/2024\/02\/FertilU-3D-Mockup-with-stick-263x300.png\" class=\"attachment-medium size-medium\" alt=\"\" srcset=\"https:\/\/crosspharma.gr\/wp-content\/uploads\/2024\/02\/FertilU-3D-Mockup-with-stick-263x300.png 263w, https:\/\/crosspharma.gr\/wp-content\/uploads\/2024\/02\/FertilU-3D-Mockup-with-stick-701x800.png 701w, https:\/\/crosspharma.gr\/wp-content\/uploads\/2024\/02\/FertilU-3D-Mockup-with-stick-768x877.png 768w, https:\/\/crosspharma.gr\/wp-content\/uploads\/2024\/02\/FertilU-3D-Mockup-with-stick-860x982.png 860w, https:\/\/crosspharma.gr\/wp-content\/uploads\/2024\/02\/FertilU-3D-Mockup-with-stick-430x491.png 430w, https:\/\/crosspharma.gr\/wp-content\/uploads\/2024\/02\/FertilU-3D-Mockup-with-stick-700x799.png 700w, https:\/\/crosspharma.gr\/wp-content\/uploads\/2024\/02\/FertilU-3D-Mockup-with-stick-150x171.png 150w, https:\/\/crosspharma.gr\/wp-content\/uploads\/2024\/02\/FertilU-3D-Mockup-with-stick.png 1206w\" sizes=\"(max-width: 263px) 100vw, 263px\" \/>\t\t\t\t\t<\/div>\n\n\t\t\t\t\t\t<\/div>\n\t\t\t\t<\/div>\n\t\t\t\t<\/div>\n\t\t\t\t\t<\/div>\n\t\t\t\t<\/div>\n\t\t\t\t<\/div>\n\t\t","protected":false},"excerpt":{"rendered":"<div class=\"product-grid__substance\">\n<div class=\"product-grid__substance\">\n<div class=\"product-grid__substance\">\n<h2>Dispositivo m\u00e9dico<\/h2>\n<p><strong>CE0425 \/<\/strong>Disponible exclusivamente en farmacias<\/p>\n<\/div>\n<div class=\"product-grid__substance\">\n<p>Gel lubricante vaginal que mejora las condiciones de la concepci\u00f3n. No mancha, no contiene parabenos, siliconas ni aceites minerales.<br \/>\nLEER ATENTAMENTE LAS INSTRUCCIONES DE USO \u2013 CONSULTE A SU M\u00c9DICO O FARMAC\u00c9UTICO<\/p>\n<\/div>\n<\/div>\n<\/div>\n","protected":false},"featured_media":19591,"template":"","meta":[],"product_brand":[],"product_cat":[287],"product_tag":[],"class_list":{"0":"post-19587","1":"product","2":"type-product","3":"status-publish","4":"has-post-thumbnail","6":"product_cat-productos-d-tecnologia-medica","8":"first","9":"instock","10":"shipping-taxable","11":"product-type-simple"},"_links":{"self":[{"href":"https:\/\/crosspharma.gr\/es\/wp-json\/wp\/v2\/product\/19587","targetHints":{"allow":["GET"]}}],"collection":[{"href":"https:\/\/crosspharma.gr\/es\/wp-json\/wp\/v2\/product"}],"about":[{"href":"https:\/\/crosspharma.gr\/es\/wp-json\/wp\/v2\/types\/product"}],"version-history":[{"count":5,"href":"https:\/\/crosspharma.gr\/es\/wp-json\/wp\/v2\/product\/19587\/revisions"}],"predecessor-version":[{"id":19603,"href":"https:\/\/crosspharma.gr\/es\/wp-json\/wp\/v2\/product\/19587\/revisions\/19603"}],"wp:featuredmedia":[{"embeddable":true,"href":"https:\/\/crosspharma.gr\/es\/wp-json\/wp\/v2\/media\/19591"}],"wp:attachment":[{"href":"https:\/\/crosspharma.gr\/es\/wp-json\/wp\/v2\/media?parent=19587"}],"wp:term":[{"taxonomy":"product_brand","embeddable":true,"href":"https:\/\/crosspharma.gr\/es\/wp-json\/wp\/v2\/product_brand?post=19587"},{"taxonomy":"product_cat","embeddable":true,"href":"https:\/\/crosspharma.gr\/es\/wp-json\/wp\/v2\/product_cat?post=19587"},{"taxonomy":"product_tag","embeddable":true,"href":"https:\/\/crosspharma.gr\/es\/wp-json\/wp\/v2\/product_tag?post=19587"}],"curies":[{"name":"wp","href":"https:\/\/api.w.org\/{rel}","templated":true}]}}