{"id":19605,"date":"2024-02-14T12:35:38","date_gmt":"2024-02-14T12:35:38","guid":{"rendered":"https:\/\/crosspharma.gr\/?post_type=product&#038;p=19605"},"modified":"2025-07-24T17:22:13","modified_gmt":"2025-07-24T17:22:13","slug":"lactobiome","status":"publish","type":"product","link":"https:\/\/crosspharma.gr\/es\/producto\/lactobiome\/","title":{"rendered":"LactoBiome\u00ae"},"content":{"rendered":"\t\t<div data-elementor-type=\"product-post\" data-elementor-id=\"19605\" class=\"elementor elementor-19605 elementor-16737\">\n\t\t\t\t<div class=\"wd-negative-gap elementor-element elementor-element-a5c81eb e-flex e-con-boxed e-con e-parent\" data-id=\"a5c81eb\" data-element_type=\"container\" data-e-type=\"container\">\n\t\t\t\t\t<div class=\"e-con-inner\">\n\t\t<div class=\"elementor-element elementor-element-d6157b8 e-con-full e-flex e-con e-child\" data-id=\"d6157b8\" data-element_type=\"container\" data-e-type=\"container\">\n\t\t\t\t<div class=\"elementor-element elementor-element-6447dd12 color-scheme-inherit text-left elementor-widget elementor-widget-text-editor\" data-id=\"6447dd12\" data-element_type=\"widget\" data-e-type=\"widget\" data-widget_type=\"text-editor.default\">\n\t\t\t\t<div class=\"elementor-widget-container\">\n\t\t\t\t\t\t\t\t\t<p>LactoBiome\u00ae tiene un m\u00e9todo de llenado seco que asegura altos niveles de viabilidad de los microorganismos vivos.<\/p><p>Los complementos alimenticios no deben utilizarse como sustitutos de una dieta equilibrada. No exceda la dosis diaria recomendada. Este producto no est\u00e1 destinado a la prevenci\u00f3n, el tratamiento ni la cura de enfermedades humanas. Consulte a su m\u00e9dico si est\u00e1 embarazada, en per\u00edodo de lactancia, tomando alg\u00fan medicamento o padece alguna enfermedad. Mantener fuera del alcance de los ni\u00f1os peque\u00f1os. Consulte las instrucciones de uso antes de usar.<\/p>\t\t\t\t\t\t\t\t<\/div>\n\t\t\t\t<\/div>\n\t\t\t\t<div class=\"elementor-element elementor-element-b712ab0 elementor-widget__width-auto elementor-widget elementor-widget-wd_button\" data-id=\"b712ab0\" data-element_type=\"widget\" data-e-type=\"widget\" data-widget_type=\"wd_button.default\">\n\t\t\t\t<div class=\"elementor-widget-container\">\n\t\t\t\t\t\t\t<div class=\"wd-button-wrapper text-center\" >\n\t\t\t<a class=\"btn btn-style-default btn-shape-round btn-size-large btn-icon-pos-right\"  href=\"https:\/\/biomefamily.gr\/lactobiome\/\" style=\"--btn-color:#fff;\">\n\t\t\t\t<span class=\"wd-btn-text\" data-elementor-setting-key=\"text\">\n\t\t\t\t\tLeer m\u00e1s\t\t\t\t<\/span>\n\n\t\t\t\t\t\t\t<\/a>\n\t\t<\/div>\n\t\t\t\t\t\t<\/div>\n\t\t\t\t<\/div>\n\t\t\t\t<\/div>\n\t\t<div class=\"elementor-element elementor-element-9b8227d e-con-full e-flex e-con e-child\" data-id=\"9b8227d\" data-element_type=\"container\" data-e-type=\"container\">\n\t\t\t\t<div class=\"elementor-element elementor-element-070cc72 elementor-widget elementor-widget-wd_image_or_svg\" data-id=\"070cc72\" data-element_type=\"widget\" data-e-type=\"widget\" data-widget_type=\"wd_image_or_svg.default\">\n\t\t\t\t<div class=\"elementor-widget-container\">\n\t\t\t\t\t\n\t\t<div class=\"wd-image text-left\">\n\t\t\t\t\t\t\t\t<img fetchpriority=\"high\" decoding=\"async\" width=\"2000\" height=\"2000\" src=\"https:\/\/crosspharma.gr\/wp-content\/uploads\/2024\/02\/Lactobiome-3D-Mockup-Transparent-2000x2000-NEW-1.png\" class=\"attachment-full size-full\" alt=\"\" srcset=\"https:\/\/crosspharma.gr\/wp-content\/uploads\/2024\/02\/Lactobiome-3D-Mockup-Transparent-2000x2000-NEW-1.png 2000w, https:\/\/crosspharma.gr\/wp-content\/uploads\/2024\/02\/Lactobiome-3D-Mockup-Transparent-2000x2000-NEW-1-300x300.png 300w, https:\/\/crosspharma.gr\/wp-content\/uploads\/2024\/02\/Lactobiome-3D-Mockup-Transparent-2000x2000-NEW-1-800x800.png 800w, https:\/\/crosspharma.gr\/wp-content\/uploads\/2024\/02\/Lactobiome-3D-Mockup-Transparent-2000x2000-NEW-1-150x150.png 150w, https:\/\/crosspharma.gr\/wp-content\/uploads\/2024\/02\/Lactobiome-3D-Mockup-Transparent-2000x2000-NEW-1-768x768.png 768w, https:\/\/crosspharma.gr\/wp-content\/uploads\/2024\/02\/Lactobiome-3D-Mockup-Transparent-2000x2000-NEW-1-1536x1536.png 1536w, https:\/\/crosspharma.gr\/wp-content\/uploads\/2024\/02\/Lactobiome-3D-Mockup-Transparent-2000x2000-NEW-1-430x430.png 430w, https:\/\/crosspharma.gr\/wp-content\/uploads\/2024\/02\/Lactobiome-3D-Mockup-Transparent-2000x2000-NEW-1-700x700.png 700w\" sizes=\"(max-width: 2000px) 100vw, 2000px\" \/>\t\t\t\t\t<\/div>\n\n\t\t\t\t\t\t<\/div>\n\t\t\t\t<\/div>\n\t\t\t\t<\/div>\n\t\t\t\t\t<\/div>\n\t\t\t\t<\/div>\n\t\t\t\t<\/div>\n\t\t","protected":false},"excerpt":{"rendered":"<div class=\"product-grid__substance\">\n<div class=\"product-grid__substance\">\n<div class=\"product-grid__substance\">\n<h2>LACTOBIOME 10 Vials<\/h2>\n<p><strong>Disponible exclusivamente en farmacias<\/strong><\/p>\n<div class=\"product-grid__substance\">\n<div class=\"product-grid__substance\">\n<div class=\"product-grid__substance\">\n<div class=\"product-grid__substance\">\n<div class=\"product-grid__substance\">\n<div class=\"product-grid__substance\">\n<div class=\"product-grid__substance\">\n<div class=\"product-grid__substance\">\n<div class=\"product-grid__substance\">\n<div class=\"product-grid__substance\">\n<div class=\"product-grid__substance\">\n<div class=\"product-grid__substance\">\n<div class=\"product-grid__substance\">\n<div class=\"product-grid__substance\"><strong>Complemento alimenticio con microorganismos vivos, galactooligosac\u00e1ridos y vitaminas B1, B2, B3, B6.<\/strong><\/div>\n<div>Suplemento nutricional con 5 mil millones de microorganismos vivos, galactooligosac\u00e1ridos y vitaminas B1, B2, B3 y B6 que contribuye al equilibrio del microbioma intestinal. Sin az\u00facares a\u00f1adidos, con un agradable sabor afrutado.<br \/>\nLEER ATENTAMENTE LAS INSTRUCCIONES DE USO \u2013 CONSULTE A SU M\u00c9DICO O FARMAC\u00c9UTICO<\/div>\n<\/div>\n<\/div>\n<\/div>\n<\/div>\n<\/div>\n<\/div>\n<\/div>\n<\/div>\n<\/div>\n<\/div>\n<\/div>\n<\/div>\n<\/div>\n<\/div>\n<\/div>\n<\/div>\n","protected":false},"featured_media":20922,"template":"","meta":[],"product_brand":[],"product_cat":[285],"product_tag":[],"class_list":{"0":"post-19605","1":"product","2":"type-product","3":"status-publish","4":"has-post-thumbnail","6":"product_cat-complementos-alimenticios","8":"first","9":"instock","10":"shipping-taxable","11":"product-type-simple"},"_links":{"self":[{"href":"https:\/\/crosspharma.gr\/es\/wp-json\/wp\/v2\/product\/19605","targetHints":{"allow":["GET"]}}],"collection":[{"href":"https:\/\/crosspharma.gr\/es\/wp-json\/wp\/v2\/product"}],"about":[{"href":"https:\/\/crosspharma.gr\/es\/wp-json\/wp\/v2\/types\/product"}],"version-history":[{"count":13,"href":"https:\/\/crosspharma.gr\/es\/wp-json\/wp\/v2\/product\/19605\/revisions"}],"predecessor-version":[{"id":20981,"href":"https:\/\/crosspharma.gr\/es\/wp-json\/wp\/v2\/product\/19605\/revisions\/20981"}],"wp:featuredmedia":[{"embeddable":true,"href":"https:\/\/crosspharma.gr\/es\/wp-json\/wp\/v2\/media\/20922"}],"wp:attachment":[{"href":"https:\/\/crosspharma.gr\/es\/wp-json\/wp\/v2\/media?parent=19605"}],"wp:term":[{"taxonomy":"product_brand","embeddable":true,"href":"https:\/\/crosspharma.gr\/es\/wp-json\/wp\/v2\/product_brand?post=19605"},{"taxonomy":"product_cat","embeddable":true,"href":"https:\/\/crosspharma.gr\/es\/wp-json\/wp\/v2\/product_cat?post=19605"},{"taxonomy":"product_tag","embeddable":true,"href":"https:\/\/crosspharma.gr\/es\/wp-json\/wp\/v2\/product_tag?post=19605"}],"curies":[{"name":"wp","href":"https:\/\/api.w.org\/{rel}","templated":true}]}}