{"id":19620,"date":"2024-02-14T12:04:11","date_gmt":"2024-02-14T12:04:11","guid":{"rendered":"https:\/\/crosspharma.gr\/?post_type=product&#038;p=19620"},"modified":"2025-07-24T09:22:32","modified_gmt":"2025-07-24T09:22:32","slug":"synergeia","status":"publish","type":"product","link":"https:\/\/crosspharma.gr\/es\/producto\/synergeia\/","title":{"rendered":"Synergeia\u00ae"},"content":{"rendered":"\t\t<div data-elementor-type=\"product-post\" data-elementor-id=\"19620\" class=\"elementor elementor-19620 elementor-16703\">\n\t\t\t\t<div class=\"wd-negative-gap elementor-element elementor-element-a5c81eb e-flex e-con-boxed e-con e-parent\" data-id=\"a5c81eb\" data-element_type=\"container\" data-e-type=\"container\">\n\t\t\t\t\t<div class=\"e-con-inner\">\n\t\t<div class=\"elementor-element elementor-element-d6157b8 e-con-full e-flex e-con e-child\" data-id=\"d6157b8\" data-element_type=\"container\" data-e-type=\"container\">\n\t\t\t\t<div class=\"elementor-element elementor-element-6447dd12 color-scheme-inherit text-left elementor-widget elementor-widget-text-editor\" data-id=\"6447dd12\" data-element_type=\"widget\" data-e-type=\"widget\" data-widget_type=\"text-editor.default\">\n\t\t\t\t<div class=\"elementor-widget-container\">\n\t\t\t\t\t\t\t\t\t<div class=\"text-center\"><p>La vitamina C contribuye a la formaci\u00f3n normal de col\u00e1geno para el funcionamiento normal de los vasos sangu\u00edneos y a la protecci\u00f3n de las c\u00e9lulas frente al estr\u00e9s oxidativo.<\/p><p>Los complementos alimenticios no deben utilizarse como sustitutos de una dieta equilibrada. No exceda la dosis diaria recomendada. Este producto no est\u00e1 destinado a la prevenci\u00f3n, el tratamiento ni la cura de enfermedades humanas. Consulte a su m\u00e9dico si est\u00e1 embarazada, en per\u00edodo de lactancia, tomando alg\u00fan medicamento o padece alguna enfermedad. Mantener fuera del alcance de los ni\u00f1os peque\u00f1os. Consulte las instrucciones de uso antes de usar.<\/p><\/div>\t\t\t\t\t\t\t\t<\/div>\n\t\t\t\t<\/div>\n\t\t\t\t<\/div>\n\t\t<div class=\"elementor-element elementor-element-9b8227d e-con-full e-flex e-con e-child\" data-id=\"9b8227d\" data-element_type=\"container\" data-e-type=\"container\">\n\t\t\t\t<div class=\"elementor-element elementor-element-070cc72 elementor-widget elementor-widget-wd_image_or_svg\" data-id=\"070cc72\" data-element_type=\"widget\" data-e-type=\"widget\" data-widget_type=\"wd_image_or_svg.default\">\n\t\t\t\t<div class=\"elementor-widget-container\">\n\t\t\t\t\t\n\t\t<div class=\"wd-image text-left\">\n\t\t\t\t\t\t\t\t<img fetchpriority=\"high\" decoding=\"async\" width=\"960\" height=\"640\" src=\"https:\/\/crosspharma.gr\/wp-content\/uploads\/2024\/02\/IMG_7963.webp\" class=\"attachment-full size-full\" alt=\"\" srcset=\"https:\/\/crosspharma.gr\/wp-content\/uploads\/2024\/02\/IMG_7963.webp 960w, https:\/\/crosspharma.gr\/wp-content\/uploads\/2024\/02\/IMG_7963-400x267.webp 400w, https:\/\/crosspharma.gr\/wp-content\/uploads\/2024\/02\/IMG_7963-768x512.webp 768w, https:\/\/crosspharma.gr\/wp-content\/uploads\/2024\/02\/IMG_7963-860x573.webp 860w, https:\/\/crosspharma.gr\/wp-content\/uploads\/2024\/02\/IMG_7963-430x287.webp 430w, https:\/\/crosspharma.gr\/wp-content\/uploads\/2024\/02\/IMG_7963-700x467.webp 700w, https:\/\/crosspharma.gr\/wp-content\/uploads\/2024\/02\/IMG_7963-150x100.webp 150w\" sizes=\"(max-width: 960px) 100vw, 960px\" \/>\t\t\t\t\t<\/div>\n\n\t\t\t\t\t\t<\/div>\n\t\t\t\t<\/div>\n\t\t\t\t<\/div>\n\t\t\t\t\t<\/div>\n\t\t\t\t<\/div>\n\t\t\t\t<\/div>\n\t\t","protected":false},"excerpt":{"rendered":"<div class=\"product-grid__substance\">\n<div class=\"product-grid__substance\">\n<div class=\"product-grid__substance\">\n<h2>SYNERGEIA 20 Eff. Tabs<\/h2>\n<p>Disponible exclusivamente en farmacias<\/p>\n<div class=\"product-grid__substance\">\n<div class=\"product-grid__substance\">\n<div class=\"product-grid__substance\">\n<div class=\"product-grid__substance\">\n<div class=\"product-grid__substance\">\n<div class=\"product-grid__substance\">\n<div class=\"product-grid__substance\">\n<div class=\"product-grid__substance\">\n<div class=\"product-grid__substance\">\n<div class=\"product-grid__substance\">\n<div class=\"product-grid__substance\">\n<div class=\"product-grid__substance\"><strong>Ingredientes activos: DIOSMINA, ESPERIDINA, TROXERUTINA, VIT. do<\/strong><\/div>\n<div>Complemento alimenticio con flavonoides de alta pureza y vitamina C. Sin gluten, con agradable sabor a naranja.<br \/>\nLEER ATENTAMENTE LAS INSTRUCCIONES DE USO \u2013 CONSULTE A SU M\u00c9DICO O FARMAC\u00c9UTICO<\/div>\n<\/div>\n<\/div>\n<\/div>\n<\/div>\n<\/div>\n<\/div>\n<\/div>\n<\/div>\n<\/div>\n<\/div>\n<\/div>\n<\/div>\n<\/div>\n<\/div>\n","protected":false},"featured_media":19623,"template":"","meta":[],"product_brand":[],"product_cat":[285],"product_tag":[],"class_list":{"0":"post-19620","1":"product","2":"type-product","3":"status-publish","4":"has-post-thumbnail","6":"product_cat-complementos-alimenticios","8":"first","9":"instock","10":"shipping-taxable","11":"product-type-simple"},"_links":{"self":[{"href":"https:\/\/crosspharma.gr\/es\/wp-json\/wp\/v2\/product\/19620","targetHints":{"allow":["GET"]}}],"collection":[{"href":"https:\/\/crosspharma.gr\/es\/wp-json\/wp\/v2\/product"}],"about":[{"href":"https:\/\/crosspharma.gr\/es\/wp-json\/wp\/v2\/types\/product"}],"version-history":[{"count":9,"href":"https:\/\/crosspharma.gr\/es\/wp-json\/wp\/v2\/product\/19620\/revisions"}],"predecessor-version":[{"id":20975,"href":"https:\/\/crosspharma.gr\/es\/wp-json\/wp\/v2\/product\/19620\/revisions\/20975"}],"wp:featuredmedia":[{"embeddable":true,"href":"https:\/\/crosspharma.gr\/es\/wp-json\/wp\/v2\/media\/19623"}],"wp:attachment":[{"href":"https:\/\/crosspharma.gr\/es\/wp-json\/wp\/v2\/media?parent=19620"}],"wp:term":[{"taxonomy":"product_brand","embeddable":true,"href":"https:\/\/crosspharma.gr\/es\/wp-json\/wp\/v2\/product_brand?post=19620"},{"taxonomy":"product_cat","embeddable":true,"href":"https:\/\/crosspharma.gr\/es\/wp-json\/wp\/v2\/product_cat?post=19620"},{"taxonomy":"product_tag","embeddable":true,"href":"https:\/\/crosspharma.gr\/es\/wp-json\/wp\/v2\/product_tag?post=19620"}],"curies":[{"name":"wp","href":"https:\/\/api.w.org\/{rel}","templated":true}]}}