{"id":19653,"date":"2024-12-11T16:24:39","date_gmt":"2024-12-11T16:24:39","guid":{"rendered":"https:\/\/crosspharma.gr\/?post_type=product&#038;p=19653"},"modified":"2025-07-20T18:36:11","modified_gmt":"2025-07-20T18:36:11","slug":"mentebiome-junior","status":"publish","type":"product","link":"https:\/\/crosspharma.gr\/es\/producto\/mentebiome-junior\/","title":{"rendered":"MenteBiome\u00ae JUNIOR"},"content":{"rendered":"\t\t<div data-elementor-type=\"product-post\" data-elementor-id=\"19653\" class=\"elementor elementor-19653 elementor-17569\">\n\t\t\t\t<div class=\"wd-negative-gap elementor-element elementor-element-a5c81eb e-flex e-con-boxed e-con e-parent\" data-id=\"a5c81eb\" data-element_type=\"container\" data-e-type=\"container\">\n\t\t\t\t\t<div class=\"e-con-inner\">\n\t\t<div class=\"elementor-element elementor-element-d6157b8 e-con-full e-flex e-con e-child\" data-id=\"d6157b8\" data-element_type=\"container\" data-e-type=\"container\">\n\t\t\t\t<div class=\"elementor-element elementor-element-6447dd12 color-scheme-inherit text-left elementor-widget elementor-widget-text-editor\" data-id=\"6447dd12\" data-element_type=\"widget\" data-e-type=\"widget\" data-widget_type=\"text-editor.default\">\n\t\t\t\t<div class=\"elementor-widget-container\">\n\t\t\t\t\t\t\t\t\t<p>Apto para ni\u00f1os mayores de 3 a\u00f1os.<\/p><p>Los complementos alimenticios no deben utilizarse como sustitutos de una dieta equilibrada. No exceda la dosis diaria recomendada. Este producto no est\u00e1 destinado a la prevenci\u00f3n, el tratamiento ni la cura de enfermedades humanas. Consulte a su m\u00e9dico si est\u00e1 embarazada, en per\u00edodo de lactancia, tomando alg\u00fan medicamento o padece alguna enfermedad. Mantener fuera del alcance de los ni\u00f1os peque\u00f1os. Consulte las instrucciones de uso antes de usar.<\/p>\t\t\t\t\t\t\t\t<\/div>\n\t\t\t\t<\/div>\n\t\t\t\t<\/div>\n\t\t<div class=\"elementor-element elementor-element-9b8227d e-con-full e-flex e-con e-child\" data-id=\"9b8227d\" data-element_type=\"container\" data-e-type=\"container\">\n\t\t\t\t<div class=\"elementor-element elementor-element-070cc72 elementor-widget elementor-widget-wd_image_or_svg\" data-id=\"070cc72\" data-element_type=\"widget\" data-e-type=\"widget\" data-widget_type=\"wd_image_or_svg.default\">\n\t\t\t\t<div class=\"elementor-widget-container\">\n\t\t\t\t\t\n\t\t<div class=\"wd-image text-left\">\n\t\t\t\t\t\t\t\t<img fetchpriority=\"high\" decoding=\"async\" width=\"1134\" height=\"908\" src=\"https:\/\/crosspharma.gr\/wp-content\/uploads\/2024\/12\/MenteBiome-Junior-Mockup.png\" class=\"attachment-full size-full\" alt=\"\" srcset=\"https:\/\/crosspharma.gr\/wp-content\/uploads\/2024\/12\/MenteBiome-Junior-Mockup.png 1134w, https:\/\/crosspharma.gr\/wp-content\/uploads\/2024\/12\/MenteBiome-Junior-Mockup-375x300.png 375w, https:\/\/crosspharma.gr\/wp-content\/uploads\/2024\/12\/MenteBiome-Junior-Mockup-999x800.png 999w, https:\/\/crosspharma.gr\/wp-content\/uploads\/2024\/12\/MenteBiome-Junior-Mockup-768x615.png 768w, https:\/\/crosspharma.gr\/wp-content\/uploads\/2024\/12\/MenteBiome-Junior-Mockup-860x689.png 860w, https:\/\/crosspharma.gr\/wp-content\/uploads\/2024\/12\/MenteBiome-Junior-Mockup-430x344.png 430w, https:\/\/crosspharma.gr\/wp-content\/uploads\/2024\/12\/MenteBiome-Junior-Mockup-700x560.png 700w, https:\/\/crosspharma.gr\/wp-content\/uploads\/2024\/12\/MenteBiome-Junior-Mockup-150x120.png 150w\" sizes=\"(max-width: 1134px) 100vw, 1134px\" \/>\t\t\t\t\t<\/div>\n\n\t\t\t\t\t\t<\/div>\n\t\t\t\t<\/div>\n\t\t\t\t<\/div>\n\t\t\t\t\t<\/div>\n\t\t\t\t<\/div>\n\t\t\t\t<\/div>\n\t\t","protected":false},"excerpt":{"rendered":"<div class=\"product-grid__substance\">\n<div class=\"product-grid__substance\">\n<div class=\"product-grid__substance\">\n<h2>MenteBiome 30 Sobres<\/h2>\n<div class=\"product-grid__substance\">\n<div class=\"product-grid__substance\">\n<div class=\"product-grid__substance\">\n<div class=\"product-grid__substance\">\n<div class=\"product-grid__substance\">\n<div class=\"product-grid__substance\">\n<div class=\"product-grid__substance\">\n<div class=\"product-grid__substance\">\n<div class=\"product-grid__substance\">\n<div class=\"product-grid__substance\">\n<div class=\"product-grid__substance\">\n<div class=\"product-grid__substance\">\n<p>Disponible exclusivamente en farmacias<\/p>\n<div>Complemento alimenticio con <em>Lactobacillus Brevis CECT 7480 Lactobacillus Plantarum CECT 7485<\/em> y magnesio que contribuye al funcionamiento normal del sistema nervioso, la funci\u00f3n psicol\u00f3gica y reduce el cansancio y la fatiga.<br \/>\nLEER ATENTAMENTE LAS INSTRUCCIONES DE USO \u2013 CONSULTE A SU M\u00c9DICO O FARMAC\u00c9UTICO<\/div>\n<\/div>\n<\/div>\n<\/div>\n<\/div>\n<\/div>\n<\/div>\n<\/div>\n<\/div>\n<\/div>\n<\/div>\n<\/div>\n<\/div>\n<\/div>\n<\/div>\n<\/div>\n","protected":false},"featured_media":19654,"template":"","meta":[],"product_brand":[],"product_cat":[285],"product_tag":[],"class_list":{"0":"post-19653","1":"product","2":"type-product","3":"status-publish","4":"has-post-thumbnail","6":"product_cat-complementos-alimenticios","8":"first","9":"instock","10":"shipping-taxable","11":"product-type-simple"},"_links":{"self":[{"href":"https:\/\/crosspharma.gr\/es\/wp-json\/wp\/v2\/product\/19653","targetHints":{"allow":["GET"]}}],"collection":[{"href":"https:\/\/crosspharma.gr\/es\/wp-json\/wp\/v2\/product"}],"about":[{"href":"https:\/\/crosspharma.gr\/es\/wp-json\/wp\/v2\/types\/product"}],"version-history":[{"count":9,"href":"https:\/\/crosspharma.gr\/es\/wp-json\/wp\/v2\/product\/19653\/revisions"}],"predecessor-version":[{"id":20960,"href":"https:\/\/crosspharma.gr\/es\/wp-json\/wp\/v2\/product\/19653\/revisions\/20960"}],"wp:featuredmedia":[{"embeddable":true,"href":"https:\/\/crosspharma.gr\/es\/wp-json\/wp\/v2\/media\/19654"}],"wp:attachment":[{"href":"https:\/\/crosspharma.gr\/es\/wp-json\/wp\/v2\/media?parent=19653"}],"wp:term":[{"taxonomy":"product_brand","embeddable":true,"href":"https:\/\/crosspharma.gr\/es\/wp-json\/wp\/v2\/product_brand?post=19653"},{"taxonomy":"product_cat","embeddable":true,"href":"https:\/\/crosspharma.gr\/es\/wp-json\/wp\/v2\/product_cat?post=19653"},{"taxonomy":"product_tag","embeddable":true,"href":"https:\/\/crosspharma.gr\/es\/wp-json\/wp\/v2\/product_tag?post=19653"}],"curies":[{"name":"wp","href":"https:\/\/api.w.org\/{rel}","templated":true}]}}