{"id":19687,"date":"2024-06-19T06:51:51","date_gmt":"2024-06-19T06:51:51","guid":{"rendered":"https:\/\/crosspharma.gr\/?post_type=product&#038;p=19687"},"modified":"2025-06-01T11:42:31","modified_gmt":"2025-06-01T11:42:31","slug":"myo-cel","status":"publish","type":"product","link":"https:\/\/crosspharma.gr\/es\/producto\/myo-cel\/","title":{"rendered":"Myo Cel\u2122"},"content":{"rendered":"\t\t<div data-elementor-type=\"product-post\" data-elementor-id=\"19687\" class=\"elementor elementor-19687 elementor-17202\">\n\t\t\t\t<div class=\"wd-negative-gap elementor-element elementor-element-a5c81eb e-flex e-con-boxed e-con e-parent\" data-id=\"a5c81eb\" data-element_type=\"container\" data-e-type=\"container\">\n\t\t\t\t\t<div class=\"e-con-inner\">\n\t\t<div class=\"elementor-element elementor-element-d6157b8 e-con-full e-flex e-con e-child\" data-id=\"d6157b8\" data-element_type=\"container\" data-e-type=\"container\">\n\t\t\t\t<div class=\"elementor-element elementor-element-6447dd12 color-scheme-inherit text-left elementor-widget elementor-widget-text-editor\" data-id=\"6447dd12\" data-element_type=\"widget\" data-e-type=\"widget\" data-widget_type=\"text-editor.default\">\n\t\t\t\t<div class=\"elementor-widget-container\">\n\t\t\t\t\t\t\t\t\t<div class=\"text-center\"><p>MYO CEL\u2122 gel liposomal incorpora principios activos de origen vegetal en los liposomas de CEL BIOtechnology. Los liposomas, como sistema de transporte de principios activos basado en nanotecnolog\u00eda, encapsulan las sustancias en su interior y las transportan hasta el tejido diana. De esta forma, consiguen una absorci\u00f3n m\u00e1s r\u00e1pida y un aumento de la penetraci\u00f3n global de las sustancias en las capas de la piel para un efecto eficaz e inmediato.<\/p><\/div>\t\t\t\t\t\t\t\t<\/div>\n\t\t\t\t<\/div>\n\t\t\t\t<div class=\"elementor-element elementor-element-b712ab0 elementor-widget__width-auto elementor-widget elementor-widget-wd_button\" data-id=\"b712ab0\" data-element_type=\"widget\" data-e-type=\"widget\" data-widget_type=\"wd_button.default\">\n\t\t\t\t<div class=\"elementor-widget-container\">\n\t\t\t\t\t\t\t<div class=\"wd-button-wrapper text-center\" >\n\t\t\t<a class=\"btn btn-style-default btn-shape-round btn-size-large btn-icon-pos-right\"  href=\"https:\/\/liposoma.gr\/myo-cel\/\" style=\"--btn-color:#fff;\">\n\t\t\t\t<span class=\"wd-btn-text\" data-elementor-setting-key=\"text\">\n\t\t\t\t\tInstrucciones\t\t\t\t<\/span>\n\n\t\t\t\t\t\t\t<\/a>\n\t\t<\/div>\n\t\t\t\t\t\t<\/div>\n\t\t\t\t<\/div>\n\t\t\t\t<\/div>\n\t\t<div class=\"elementor-element elementor-element-9b8227d e-con-full e-flex e-con e-child\" data-id=\"9b8227d\" data-element_type=\"container\" data-e-type=\"container\">\n\t\t\t\t<div class=\"elementor-element elementor-element-070cc72 elementor-widget elementor-widget-wd_image_or_svg\" data-id=\"070cc72\" data-element_type=\"widget\" data-e-type=\"widget\" data-widget_type=\"wd_image_or_svg.default\">\n\t\t\t\t<div class=\"elementor-widget-container\">\n\t\t\t\t\t\n\t\t<div class=\"wd-image text-left\">\n\t\t\t\t\t\t\t\t<img fetchpriority=\"high\" decoding=\"async\" width=\"585\" height=\"314\" src=\"https:\/\/crosspharma.gr\/wp-content\/uploads\/2024\/06\/MYOCEL-FIN2.png\" class=\"attachment-full size-full\" alt=\"MYOCEL\" srcset=\"https:\/\/crosspharma.gr\/wp-content\/uploads\/2024\/06\/MYOCEL-FIN2.png 585w, https:\/\/crosspharma.gr\/wp-content\/uploads\/2024\/06\/MYOCEL-FIN2-400x215.png 400w, https:\/\/crosspharma.gr\/wp-content\/uploads\/2024\/06\/MYOCEL-FIN2-430x231.png 430w, https:\/\/crosspharma.gr\/wp-content\/uploads\/2024\/06\/MYOCEL-FIN2-150x81.png 150w\" sizes=\"(max-width: 585px) 100vw, 585px\" \/>\t\t\t\t\t<\/div>\n\n\t\t\t\t\t\t<\/div>\n\t\t\t\t<\/div>\n\t\t\t\t<\/div>\n\t\t\t\t\t<\/div>\n\t\t\t\t<\/div>\n\t\t\t\t<\/div>\n\t\t","protected":false},"excerpt":{"rendered":"<div class=\"product-grid__substance\">\n<div class=\"product-grid__substance\">\n<div class=\"product-grid__substance\">\n<h2>MYO CEL 100ml<\/h2>\n<p>Para uso externo<\/p>\n<div class=\"product-grid__substance\">\n<div class=\"product-grid__substance\">\n<div class=\"product-grid__substance\">\n<div class=\"product-grid__substance\">\n<div class=\"product-grid__substance\">\n<div class=\"product-grid__substance\">\n<div class=\"product-grid__substance\">\n<div class=\"product-grid__substance\">\n<div class=\"product-grid__substance\">\n<div class=\"product-grid__substance\">\n<div class=\"product-grid__substance\">\n<div class=\"product-grid__substance\">\n<div class=\"product-grid__substance\">\n<div class=\"product-grid__substance\">\n<div class=\"product-grid__substance\"><strong>Ingredientes activos: LIPOSOMAS, ESP\u00c1TRICA, HIERBAS, CAPSAICINA, MENTOL<\/strong><\/div>\n<div class=\"product-grid__atc-sort\">Combinaci\u00f3n de principios activos de origen vegetal con tecnolog\u00eda liposomal para una r\u00e1pida absorci\u00f3n y cuidado natural de las partes externas del cuerpo afectadas como: brazos, piernas, cintura, pecho, espalda y cuello. No contiene colorantes ni parabenos. Est\u00e1 testado dermatol\u00f3gicamente. No deja sensaci\u00f3n untuosa durante la aplicaci\u00f3n.<\/div>\n<\/div>\n<\/div>\n<\/div>\n<\/div>\n<\/div>\n<\/div>\n<\/div>\n<\/div>\n<\/div>\n<\/div>\n<\/div>\n<\/div>\n<\/div>\n<\/div>\n<\/div>\n<\/div>\n<\/div>\n","protected":false},"featured_media":17419,"template":"","meta":[],"product_brand":[],"product_cat":[286],"product_tag":[],"class_list":{"0":"post-19687","1":"product","2":"type-product","3":"status-publish","4":"has-post-thumbnail","6":"product_cat-cel-biotechnology-geles-de-tecnologia-liposomal","8":"first","9":"instock","10":"shipping-taxable","11":"product-type-simple"},"_links":{"self":[{"href":"https:\/\/crosspharma.gr\/es\/wp-json\/wp\/v2\/product\/19687","targetHints":{"allow":["GET"]}}],"collection":[{"href":"https:\/\/crosspharma.gr\/es\/wp-json\/wp\/v2\/product"}],"about":[{"href":"https:\/\/crosspharma.gr\/es\/wp-json\/wp\/v2\/types\/product"}],"version-history":[{"count":5,"href":"https:\/\/crosspharma.gr\/es\/wp-json\/wp\/v2\/product\/19687\/revisions"}],"predecessor-version":[{"id":19705,"href":"https:\/\/crosspharma.gr\/es\/wp-json\/wp\/v2\/product\/19687\/revisions\/19705"}],"wp:featuredmedia":[{"embeddable":true,"href":"https:\/\/crosspharma.gr\/es\/wp-json\/wp\/v2\/media\/17419"}],"wp:attachment":[{"href":"https:\/\/crosspharma.gr\/es\/wp-json\/wp\/v2\/media?parent=19687"}],"wp:term":[{"taxonomy":"product_brand","embeddable":true,"href":"https:\/\/crosspharma.gr\/es\/wp-json\/wp\/v2\/product_brand?post=19687"},{"taxonomy":"product_cat","embeddable":true,"href":"https:\/\/crosspharma.gr\/es\/wp-json\/wp\/v2\/product_cat?post=19687"},{"taxonomy":"product_tag","embeddable":true,"href":"https:\/\/crosspharma.gr\/es\/wp-json\/wp\/v2\/product_tag?post=19687"}],"curies":[{"name":"wp","href":"https:\/\/api.w.org\/{rel}","templated":true}]}}