{"id":19727,"date":"2024-06-19T06:47:26","date_gmt":"2024-06-19T06:47:26","guid":{"rendered":"https:\/\/crosspharma.gr\/?post_type=product&#038;p=19727"},"modified":"2025-06-01T12:01:48","modified_gmt":"2025-06-01T12:01:48","slug":"myco-cel","status":"publish","type":"product","link":"https:\/\/crosspharma.gr\/es\/producto\/myco-cel\/","title":{"rendered":"Myco Cel\u2122"},"content":{"rendered":"\t\t<div data-elementor-type=\"product-post\" data-elementor-id=\"19727\" class=\"elementor elementor-19727 elementor-17189\">\n\t\t\t\t<div class=\"wd-negative-gap elementor-element elementor-element-a5c81eb e-flex e-con-boxed e-con e-parent\" data-id=\"a5c81eb\" data-element_type=\"container\" data-e-type=\"container\">\n\t\t\t\t\t<div class=\"e-con-inner\">\n\t\t<div class=\"elementor-element elementor-element-d6157b8 e-con-full e-flex e-con e-child\" data-id=\"d6157b8\" data-element_type=\"container\" data-e-type=\"container\">\n\t\t\t\t<div class=\"elementor-element elementor-element-6447dd12 color-scheme-inherit text-left elementor-widget elementor-widget-text-editor\" data-id=\"6447dd12\" data-element_type=\"widget\" data-e-type=\"widget\" data-widget_type=\"text-editor.default\">\n\t\t\t\t<div class=\"elementor-widget-container\">\n\t\t\t\t\t\t\t\t\t<p>El gel liposomal MYCO CEL\u2122 incorpora principios activos de origen vegetal en los liposomas de CEL BIOtechnology. Los liposomas, como sistema de transporte de principios activos basado en nanotecnolog\u00eda, encapsulan las sustancias en su interior y las transportan hasta el tejido diana. De esta forma, consiguen una absorci\u00f3n m\u00e1s r\u00e1pida y un aumento en la penetraci\u00f3n total de las sustancias en las capas de la piel para un efecto inmediato.<\/p>\t\t\t\t\t\t\t\t<\/div>\n\t\t\t\t<\/div>\n\t\t\t\t<div class=\"elementor-element elementor-element-b712ab0 elementor-widget__width-auto elementor-widget elementor-widget-wd_button\" data-id=\"b712ab0\" data-element_type=\"widget\" data-e-type=\"widget\" data-widget_type=\"wd_button.default\">\n\t\t\t\t<div class=\"elementor-widget-container\">\n\t\t\t\t\t\t\t<div class=\"wd-button-wrapper text-center\" >\n\t\t\t<a class=\"btn btn-style-default btn-shape-round btn-size-large btn-icon-pos-right\"  href=\"https:\/\/liposoma.gr\/myco-cel\/\" style=\"--btn-color:#fff;\">\n\t\t\t\t<span class=\"wd-btn-text\" data-elementor-setting-key=\"text\">\n\t\t\t\t\tInstrucciones\t\t\t\t<\/span>\n\n\t\t\t\t\t\t\t<\/a>\n\t\t<\/div>\n\t\t\t\t\t\t<\/div>\n\t\t\t\t<\/div>\n\t\t\t\t<\/div>\n\t\t<div class=\"elementor-element elementor-element-9b8227d e-con-full e-flex e-con e-child\" data-id=\"9b8227d\" data-element_type=\"container\" data-e-type=\"container\">\n\t\t\t\t<div class=\"elementor-element elementor-element-070cc72 elementor-widget elementor-widget-wd_image_or_svg\" data-id=\"070cc72\" data-element_type=\"widget\" data-e-type=\"widget\" data-widget_type=\"wd_image_or_svg.default\">\n\t\t\t\t<div class=\"elementor-widget-container\">\n\t\t\t\t\t\n\t\t<div class=\"wd-image text-left\">\n\t\t\t\t\t\t\t\t<img fetchpriority=\"high\" decoding=\"async\" width=\"595\" height=\"335\" src=\"https:\/\/crosspharma.gr\/wp-content\/uploads\/2024\/06\/MYCOCEL-FIN2.png\" class=\"attachment-full size-full\" alt=\"MYCOCEL\" srcset=\"https:\/\/crosspharma.gr\/wp-content\/uploads\/2024\/06\/MYCOCEL-FIN2.png 595w, https:\/\/crosspharma.gr\/wp-content\/uploads\/2024\/06\/MYCOCEL-FIN2-400x225.png 400w, https:\/\/crosspharma.gr\/wp-content\/uploads\/2024\/06\/MYCOCEL-FIN2-430x242.png 430w, https:\/\/crosspharma.gr\/wp-content\/uploads\/2024\/06\/MYCOCEL-FIN2-150x84.png 150w\" sizes=\"(max-width: 595px) 100vw, 595px\" \/>\t\t\t\t\t<\/div>\n\n\t\t\t\t\t\t<\/div>\n\t\t\t\t<\/div>\n\t\t\t\t<\/div>\n\t\t\t\t\t<\/div>\n\t\t\t\t<\/div>\n\t\t\t\t<\/div>\n\t\t","protected":false},"excerpt":{"rendered":"<div class=\"product-grid__substance\">\n<div class=\"product-grid__substance\">\n<div class=\"product-grid__substance\">\n<h2>MYCO CEL 50ml<\/h2>\n<p>Para uso externo<\/p>\n<div class=\"product-grid__substance\">\n<div class=\"product-grid__substance\">\n<div class=\"product-grid__substance\">\n<div class=\"product-grid__substance\">\n<div class=\"product-grid__substance\">\n<div class=\"product-grid__substance\">\n<div class=\"product-grid__substance\">\n<div class=\"product-grid__substance\">\n<div class=\"product-grid__substance\">\n<div class=\"product-grid__substance\">\n<div class=\"product-grid__substance\">\n<div class=\"product-grid__substance\">\n<div class=\"product-grid__substance\">\n<div class=\"product-grid__substance\"><strong>Ingredientes activos: LIPOSOMAS, ACEITE DE \u00c1RBOL DE T\u00c9, CLR-SIRICAL, ROMERO, PROP\u00d3LEO, SALVIA<\/strong><br \/>\n<strong>Para la salud: PIEL<\/strong><\/div>\n<div>Combinaci\u00f3n de principios activos de origen vegetal con tecnolog\u00eda liposomal para una r\u00e1pida absorci\u00f3n y alivio. Atenci\u00f3n especializada para proteger la zona de las extremidades inferiores de invasores no deseados. No contiene colorantes ni parabenos. Est\u00e1 testado dermatol\u00f3gicamente. No deja sensaci\u00f3n untuosa durante la aplicaci\u00f3n.<\/div>\n<\/div>\n<\/div>\n<\/div>\n<\/div>\n<\/div>\n<\/div>\n<\/div>\n<\/div>\n<\/div>\n<\/div>\n<\/div>\n<\/div>\n<\/div>\n<\/div>\n<\/div>\n<\/div>\n","protected":false},"featured_media":17413,"template":"","meta":[],"product_brand":[],"product_cat":[286],"product_tag":[],"class_list":{"0":"post-19727","1":"product","2":"type-product","3":"status-publish","4":"has-post-thumbnail","6":"product_cat-cel-biotechnology-geles-de-tecnologia-liposomal","8":"first","9":"instock","10":"shipping-taxable","11":"product-type-simple"},"_links":{"self":[{"href":"https:\/\/crosspharma.gr\/es\/wp-json\/wp\/v2\/product\/19727","targetHints":{"allow":["GET"]}}],"collection":[{"href":"https:\/\/crosspharma.gr\/es\/wp-json\/wp\/v2\/product"}],"about":[{"href":"https:\/\/crosspharma.gr\/es\/wp-json\/wp\/v2\/types\/product"}],"version-history":[{"count":5,"href":"https:\/\/crosspharma.gr\/es\/wp-json\/wp\/v2\/product\/19727\/revisions"}],"predecessor-version":[{"id":19742,"href":"https:\/\/crosspharma.gr\/es\/wp-json\/wp\/v2\/product\/19727\/revisions\/19742"}],"wp:featuredmedia":[{"embeddable":true,"href":"https:\/\/crosspharma.gr\/es\/wp-json\/wp\/v2\/media\/17413"}],"wp:attachment":[{"href":"https:\/\/crosspharma.gr\/es\/wp-json\/wp\/v2\/media?parent=19727"}],"wp:term":[{"taxonomy":"product_brand","embeddable":true,"href":"https:\/\/crosspharma.gr\/es\/wp-json\/wp\/v2\/product_brand?post=19727"},{"taxonomy":"product_cat","embeddable":true,"href":"https:\/\/crosspharma.gr\/es\/wp-json\/wp\/v2\/product_cat?post=19727"},{"taxonomy":"product_tag","embeddable":true,"href":"https:\/\/crosspharma.gr\/es\/wp-json\/wp\/v2\/product_tag?post=19727"}],"curies":[{"name":"wp","href":"https:\/\/api.w.org\/{rel}","templated":true}]}}