{"id":19744,"date":"2024-06-19T06:39:28","date_gmt":"2024-06-19T06:39:28","guid":{"rendered":"https:\/\/crosspharma.gr\/?post_type=product&#038;p=19744"},"modified":"2025-06-01T12:16:44","modified_gmt":"2025-06-01T12:16:44","slug":"cbderma-cel","status":"publish","type":"product","link":"https:\/\/crosspharma.gr\/es\/producto\/cbderma-cel\/","title":{"rendered":"CBDerma Cel\u2122"},"content":{"rendered":"\t\t<div data-elementor-type=\"product-post\" data-elementor-id=\"19744\" class=\"elementor elementor-19744 elementor-17177\">\n\t\t\t\t<div class=\"wd-negative-gap elementor-element elementor-element-a5c81eb e-flex e-con-boxed e-con e-parent\" data-id=\"a5c81eb\" data-element_type=\"container\" data-e-type=\"container\">\n\t\t\t\t\t<div class=\"e-con-inner\">\n\t\t<div class=\"elementor-element elementor-element-d6157b8 e-con-full e-flex e-con e-child\" data-id=\"d6157b8\" data-element_type=\"container\" data-e-type=\"container\">\n\t\t\t\t<div class=\"elementor-element elementor-element-6447dd12 color-scheme-inherit text-left elementor-widget elementor-widget-text-editor\" data-id=\"6447dd12\" data-element_type=\"widget\" data-e-type=\"widget\" data-widget_type=\"text-editor.default\">\n\t\t\t\t<div class=\"elementor-widget-container\">\n\t\t\t\t\t\t\t\t\t<p>El gel liposomal CBDerma CEL\u2122 incorpora principios activos de origen vegetal en los liposomas de CEL BIOtechnology. Los liposomas, como sistema de transporte de principios activos basado en nanotecnolog\u00eda, encapsulan las sustancias en su interior y las transportan hasta el tejido diana. De esta forma, consiguen una absorci\u00f3n m\u00e1s r\u00e1pida y un aumento de la penetraci\u00f3n global de las sustancias en las capas de la piel para un efecto inmediato.<\/p>\t\t\t\t\t\t\t\t<\/div>\n\t\t\t\t<\/div>\n\t\t\t\t<div class=\"elementor-element elementor-element-b712ab0 elementor-widget__width-auto elementor-widget elementor-widget-wd_button\" data-id=\"b712ab0\" data-element_type=\"widget\" data-e-type=\"widget\" data-widget_type=\"wd_button.default\">\n\t\t\t\t<div class=\"elementor-widget-container\">\n\t\t\t\t\t\t\t<div class=\"wd-button-wrapper text-center\" >\n\t\t\t<a class=\"btn btn-style-default btn-shape-round btn-size-large btn-icon-pos-right\"  href=\"https:\/\/liposoma.gr\/cbderma-cel\/\" style=\"--btn-color:#fff;\">\n\t\t\t\t<span class=\"wd-btn-text\" data-elementor-setting-key=\"text\">\n\t\t\t\t\tInstrucciones\t\t\t\t<\/span>\n\n\t\t\t\t\t\t\t<\/a>\n\t\t<\/div>\n\t\t\t\t\t\t<\/div>\n\t\t\t\t<\/div>\n\t\t\t\t<\/div>\n\t\t<div class=\"elementor-element elementor-element-9b8227d e-con-full e-flex e-con e-child\" data-id=\"9b8227d\" data-element_type=\"container\" data-e-type=\"container\">\n\t\t\t\t<div class=\"elementor-element elementor-element-070cc72 elementor-widget elementor-widget-wd_image_or_svg\" data-id=\"070cc72\" data-element_type=\"widget\" data-e-type=\"widget\" data-widget_type=\"wd_image_or_svg.default\">\n\t\t\t\t<div class=\"elementor-widget-container\">\n\t\t\t\t\t\n\t\t<div class=\"wd-image text-left\">\n\t\t\t\t\t\t\t\t<img fetchpriority=\"high\" decoding=\"async\" width=\"569\" height=\"600\" src=\"https:\/\/crosspharma.gr\/wp-content\/uploads\/2024\/06\/04-CBDermaCEL-FIN.png\" class=\"attachment-full size-full\" alt=\"CBDermaCEL\" srcset=\"https:\/\/crosspharma.gr\/wp-content\/uploads\/2024\/06\/04-CBDermaCEL-FIN.png 569w, https:\/\/crosspharma.gr\/wp-content\/uploads\/2024\/06\/04-CBDermaCEL-FIN-285x300.png 285w, https:\/\/crosspharma.gr\/wp-content\/uploads\/2024\/06\/04-CBDermaCEL-FIN-430x453.png 430w, https:\/\/crosspharma.gr\/wp-content\/uploads\/2024\/06\/04-CBDermaCEL-FIN-150x158.png 150w\" sizes=\"(max-width: 569px) 100vw, 569px\" \/>\t\t\t\t\t<\/div>\n\n\t\t\t\t\t\t<\/div>\n\t\t\t\t<\/div>\n\t\t\t\t<\/div>\n\t\t\t\t\t<\/div>\n\t\t\t\t<\/div>\n\t\t\t\t<\/div>\n\t\t","protected":false},"excerpt":{"rendered":"<div class=\"product-grid__substance\">\n<div class=\"product-grid__substance\">\n<div class=\"product-grid__substance\">\n<h2>CBDERMA CEL 100ml<\/h2>\n<p>Para uso externo<\/p>\n<div class=\"product-grid__substance\">\n<div class=\"product-grid__substance\">\n<div class=\"product-grid__substance\">\n<div class=\"product-grid__substance\">\n<div class=\"product-grid__substance\">\n<div class=\"product-grid__substance\">\n<div class=\"product-grid__substance\">\n<div class=\"product-grid__substance\">\n<div class=\"product-grid__substance\">\n<div class=\"product-grid__substance\">\n<div class=\"product-grid__substance\">\n<div class=\"product-grid__substance\">\n<div class=\"product-grid__substance\"><strong>Ingredientes activos: LIPOSOMAS, ACEITE DE CBD, CLR-SYRICALM, CAL\u00c9NDULA<\/strong><br \/>\n<strong>Para la salud: PIEL<\/strong><\/div>\n<div>Combinaci\u00f3n de principios activos de origen vegetal con tecnolog\u00eda liposomal para una r\u00e1pida absorci\u00f3n y alivio. Cuidado de la piel e hidrataci\u00f3n profunda. No contiene colorantes ni parabenos. Est\u00e1 testado dermatol\u00f3gicamente. No deja sensaci\u00f3n untuosa durante la aplicaci\u00f3n.<\/div>\n<\/div>\n<\/div>\n<\/div>\n<\/div>\n<\/div>\n<\/div>\n<\/div>\n<\/div>\n<\/div>\n<\/div>\n<\/div>\n<\/div>\n<\/div>\n<\/div>\n<\/div>\n","protected":false},"featured_media":17407,"template":"","meta":[],"product_brand":[],"product_cat":[286],"product_tag":[],"class_list":{"0":"post-19744","1":"product","2":"type-product","3":"status-publish","4":"has-post-thumbnail","6":"product_cat-cel-biotechnology-geles-de-tecnologia-liposomal","8":"first","9":"instock","10":"shipping-taxable","11":"product-type-simple"},"_links":{"self":[{"href":"https:\/\/crosspharma.gr\/es\/wp-json\/wp\/v2\/product\/19744","targetHints":{"allow":["GET"]}}],"collection":[{"href":"https:\/\/crosspharma.gr\/es\/wp-json\/wp\/v2\/product"}],"about":[{"href":"https:\/\/crosspharma.gr\/es\/wp-json\/wp\/v2\/types\/product"}],"version-history":[{"count":6,"href":"https:\/\/crosspharma.gr\/es\/wp-json\/wp\/v2\/product\/19744\/revisions"}],"predecessor-version":[{"id":19760,"href":"https:\/\/crosspharma.gr\/es\/wp-json\/wp\/v2\/product\/19744\/revisions\/19760"}],"wp:featuredmedia":[{"embeddable":true,"href":"https:\/\/crosspharma.gr\/es\/wp-json\/wp\/v2\/media\/17407"}],"wp:attachment":[{"href":"https:\/\/crosspharma.gr\/es\/wp-json\/wp\/v2\/media?parent=19744"}],"wp:term":[{"taxonomy":"product_brand","embeddable":true,"href":"https:\/\/crosspharma.gr\/es\/wp-json\/wp\/v2\/product_brand?post=19744"},{"taxonomy":"product_cat","embeddable":true,"href":"https:\/\/crosspharma.gr\/es\/wp-json\/wp\/v2\/product_cat?post=19744"},{"taxonomy":"product_tag","embeddable":true,"href":"https:\/\/crosspharma.gr\/es\/wp-json\/wp\/v2\/product_tag?post=19744"}],"curies":[{"name":"wp","href":"https:\/\/api.w.org\/{rel}","templated":true}]}}