{"id":19776,"date":"2024-02-14T09:04:54","date_gmt":"2024-02-14T09:04:54","guid":{"rendered":"https:\/\/crosspharma.gr\/?post_type=product&#038;p=19776"},"modified":"2025-09-09T11:17:47","modified_gmt":"2025-09-09T11:17:47","slug":"flucocaps-therapy","status":"publish","type":"product","link":"https:\/\/crosspharma.gr\/es\/producto\/flucocaps-therapy\/","title":{"rendered":"FLUCOCAPS therapy"},"content":{"rendered":"\t\t<div data-elementor-type=\"product-post\" data-elementor-id=\"19776\" class=\"elementor elementor-19776 elementor-16525\">\n\t\t\t\t<div class=\"wd-negative-gap elementor-element elementor-element-a5c81eb e-flex e-con-boxed e-con e-parent\" data-id=\"a5c81eb\" data-element_type=\"container\" data-e-type=\"container\">\n\t\t\t\t\t<div class=\"e-con-inner\">\n\t\t<div class=\"elementor-element elementor-element-d6157b8 e-con-full e-flex e-con e-child\" data-id=\"d6157b8\" data-element_type=\"container\" data-e-type=\"container\">\n\t\t\t\t<div class=\"elementor-element elementor-element-6447dd12 color-scheme-inherit text-left elementor-widget elementor-widget-text-editor\" data-id=\"6447dd12\" data-element_type=\"widget\" data-e-type=\"widget\" data-widget_type=\"text-editor.default\">\n\t\t\t\t<div class=\"elementor-widget-container\">\n\t\t\t\t\t\t\t\t\t<p><strong>Medicamento Antif\u00fangico<\/strong><\/p><ul><li>Infecciones criptoc\u00f3cicas, incluida la meningitis criptoc\u00f3cica y otras infecciones en diferentes \u00e1reas.<\/li><li>Candidiasis generalizada.<\/li><li>Micosis end\u00e9micas profundas.<\/li><li>Candidiasis de las mucosas.<\/li><li>Candidiasis genital.<\/li><li>Dermatofitosis: pie de atleta, infecciones de piel, infecciones de pliegues inguinales, pitiriasis versicolor, onicomicosis, infecciones cut\u00e1neas causadas por Candida.<\/li><li>Prevenci\u00f3n de infecciones f\u00fangicas en pacientes con neutropenia y enfermedades malignas.<\/li><\/ul>\t\t\t\t\t\t\t\t<\/div>\n\t\t\t\t<\/div>\n\t\t\t\t<\/div>\n\t\t<div class=\"elementor-element elementor-element-9b8227d e-con-full e-flex e-con e-child\" data-id=\"9b8227d\" data-element_type=\"container\" data-e-type=\"container\">\n\t\t\t\t<div class=\"elementor-element elementor-element-070cc72 elementor-widget elementor-widget-wd_image_or_svg\" data-id=\"070cc72\" data-element_type=\"widget\" data-e-type=\"widget\" data-widget_type=\"wd_image_or_svg.default\">\n\t\t\t\t<div class=\"elementor-widget-container\">\n\t\t\t\t\t\n\t\t<div class=\"wd-image text-left\">\n\t\t\t\t\t\t\t\t<img fetchpriority=\"high\" decoding=\"async\" width=\"1000\" height=\"637\" src=\"https:\/\/crosspharma.gr\/wp-content\/uploads\/2024\/02\/IMG_8016.webp\" class=\"attachment-full size-full\" alt=\"FLUCOCAPS therapy\" srcset=\"https:\/\/crosspharma.gr\/wp-content\/uploads\/2024\/02\/IMG_8016.webp 1000w, https:\/\/crosspharma.gr\/wp-content\/uploads\/2024\/02\/IMG_8016-400x255.webp 400w, https:\/\/crosspharma.gr\/wp-content\/uploads\/2024\/02\/IMG_8016-768x489.webp 768w, https:\/\/crosspharma.gr\/wp-content\/uploads\/2024\/02\/IMG_8016-860x548.webp 860w, https:\/\/crosspharma.gr\/wp-content\/uploads\/2024\/02\/IMG_8016-430x274.webp 430w, https:\/\/crosspharma.gr\/wp-content\/uploads\/2024\/02\/IMG_8016-700x446.webp 700w, https:\/\/crosspharma.gr\/wp-content\/uploads\/2024\/02\/IMG_8016-150x96.webp 150w\" sizes=\"(max-width: 1000px) 100vw, 1000px\" \/>\t\t\t\t\t<\/div>\n\n\t\t\t\t\t\t<\/div>\n\t\t\t\t<\/div>\n\t\t\t\t<\/div>\n\t\t\t\t\t<\/div>\n\t\t\t\t<\/div>\n\t\t\t\t<\/div>\n\t\t","protected":false},"excerpt":{"rendered":"<div class=\"product-grid__substance\">\n<div class=\"product-grid__substance\">\n<div class=\"product-grid__substance\">\n<h2>FLUCOCAPS therapy 150MG\/CAP BTX7<\/h2>\n<div class=\"product-grid__substance\">\n<div class=\"product-grid__substance\"><strong>Sustancia Activa: FLUCONAZOL Clasificaci\u00f3n <\/strong><br \/>\n<strong>ATC: ANTIF\u00daNGICO PARA ADMINISTRACI\u00d3N SIST\u00c9MICA<\/strong><\/div>\n<\/div>\n<\/div>\n<\/div>\n<\/div>\n","protected":false},"featured_media":16526,"template":"","meta":[],"product_brand":[],"product_cat":[279,281],"product_tag":[],"class_list":{"0":"post-19776","1":"product","2":"type-product","3":"status-publish","4":"has-post-thumbnail","6":"product_cat-medicamentos-antiinfecciosos","7":"product_cat-medicamentos-para-enfermedades-de-la-piel","9":"first","10":"instock","11":"shipping-taxable","12":"product-type-simple"},"_links":{"self":[{"href":"https:\/\/crosspharma.gr\/es\/wp-json\/wp\/v2\/product\/19776","targetHints":{"allow":["GET"]}}],"collection":[{"href":"https:\/\/crosspharma.gr\/es\/wp-json\/wp\/v2\/product"}],"about":[{"href":"https:\/\/crosspharma.gr\/es\/wp-json\/wp\/v2\/types\/product"}],"version-history":[{"count":6,"href":"https:\/\/crosspharma.gr\/es\/wp-json\/wp\/v2\/product\/19776\/revisions"}],"predecessor-version":[{"id":21007,"href":"https:\/\/crosspharma.gr\/es\/wp-json\/wp\/v2\/product\/19776\/revisions\/21007"}],"wp:featuredmedia":[{"embeddable":true,"href":"https:\/\/crosspharma.gr\/es\/wp-json\/wp\/v2\/media\/16526"}],"wp:attachment":[{"href":"https:\/\/crosspharma.gr\/es\/wp-json\/wp\/v2\/media?parent=19776"}],"wp:term":[{"taxonomy":"product_brand","embeddable":true,"href":"https:\/\/crosspharma.gr\/es\/wp-json\/wp\/v2\/product_brand?post=19776"},{"taxonomy":"product_cat","embeddable":true,"href":"https:\/\/crosspharma.gr\/es\/wp-json\/wp\/v2\/product_cat?post=19776"},{"taxonomy":"product_tag","embeddable":true,"href":"https:\/\/crosspharma.gr\/es\/wp-json\/wp\/v2\/product_tag?post=19776"}],"curies":[{"name":"wp","href":"https:\/\/api.w.org\/{rel}","templated":true}]}}