{"id":20443,"date":"2024-02-14T11:07:36","date_gmt":"2024-02-14T11:07:36","guid":{"rendered":"https:\/\/crosspharma.gr\/?post_type=product&#038;p=20443"},"modified":"2025-06-01T14:03:16","modified_gmt":"2025-06-01T14:03:16","slug":"tracyclin","status":"publish","type":"product","link":"https:\/\/crosspharma.gr\/es\/producto\/tracyclin\/","title":{"rendered":"Tracyclin"},"content":{"rendered":"\t\t<div data-elementor-type=\"product-post\" data-elementor-id=\"20443\" class=\"elementor elementor-20443 elementor-16666\">\n\t\t\t\t<div class=\"wd-negative-gap elementor-element elementor-element-a5c81eb e-flex e-con-boxed e-con e-parent\" data-id=\"a5c81eb\" data-element_type=\"container\" data-e-type=\"container\">\n\t\t\t\t\t<div class=\"e-con-inner\">\n\t\t<div class=\"elementor-element elementor-element-d6157b8 e-con-full e-flex e-con e-child\" data-id=\"d6157b8\" data-element_type=\"container\" data-e-type=\"container\">\n\t\t\t\t<div class=\"elementor-element elementor-element-6447dd12 color-scheme-inherit text-left elementor-widget elementor-widget-text-editor\" data-id=\"6447dd12\" data-element_type=\"widget\" data-e-type=\"widget\" data-widget_type=\"text-editor.default\">\n\t\t\t\t<div class=\"elementor-widget-container\">\n\t\t\t\t\t\t\t\t\t<ul><li>Acn\u00e9 vulgar leve a moderado<\/li><\/ul>\t\t\t\t\t\t\t\t<\/div>\n\t\t\t\t<\/div>\n\t\t\t\t<\/div>\n\t\t<div class=\"elementor-element elementor-element-9b8227d e-con-full e-flex e-con e-child\" data-id=\"9b8227d\" data-element_type=\"container\" data-e-type=\"container\">\n\t\t\t\t<div class=\"elementor-element elementor-element-070cc72 elementor-widget elementor-widget-wd_image_or_svg\" data-id=\"070cc72\" data-element_type=\"widget\" data-e-type=\"widget\" data-widget_type=\"wd_image_or_svg.default\">\n\t\t\t\t<div class=\"elementor-widget-container\">\n\t\t\t\t\t\n\t\t<div class=\"wd-image text-left\">\n\t\t\t\t\t\t\t\t<img fetchpriority=\"high\" decoding=\"async\" width=\"1000\" height=\"637\" src=\"https:\/\/crosspharma.gr\/wp-content\/uploads\/2024\/02\/IMG_8013.webp\" class=\"attachment-full size-full\" alt=\"\" srcset=\"https:\/\/crosspharma.gr\/wp-content\/uploads\/2024\/02\/IMG_8013.webp 1000w, https:\/\/crosspharma.gr\/wp-content\/uploads\/2024\/02\/IMG_8013-400x255.webp 400w, https:\/\/crosspharma.gr\/wp-content\/uploads\/2024\/02\/IMG_8013-768x489.webp 768w, https:\/\/crosspharma.gr\/wp-content\/uploads\/2024\/02\/IMG_8013-860x548.webp 860w, https:\/\/crosspharma.gr\/wp-content\/uploads\/2024\/02\/IMG_8013-430x274.webp 430w, https:\/\/crosspharma.gr\/wp-content\/uploads\/2024\/02\/IMG_8013-700x446.webp 700w, https:\/\/crosspharma.gr\/wp-content\/uploads\/2024\/02\/IMG_8013-150x96.webp 150w\" sizes=\"(max-width: 1000px) 100vw, 1000px\" \/>\t\t\t\t\t<\/div>\n\n\t\t\t\t\t\t<\/div>\n\t\t\t\t<\/div>\n\t\t\t\t<\/div>\n\t\t\t\t\t<\/div>\n\t\t\t\t<\/div>\n\t\t\t\t<\/div>\n\t\t","protected":false},"excerpt":{"rendered":"<div class=\"product-grid__substance\">\n<div class=\"product-grid__substance\">\n<div class=\"product-grid__substance\">\n<h2>TRACYCLIN OINT. 3% W\/W BT X20GR<\/h2>\n<div class=\"product-grid__substance\">\n<div class=\"product-grid__substance\">\n<div class=\"product-grid__substance\">\n<div class=\"product-grid__substance\">\n<div class=\"product-grid__substance\">\n<div class=\"product-grid__substance\">\n<div class=\"product-grid__substance\">\n<div class=\"product-grid__substance\">\n<div class=\"product-grid__substance\">\n<div class=\"product-grid__substance\"><strong>Ingrediente Activo: TETRACICLINA <\/strong><br \/>\n<strong>Clasificaci\u00f3n ATC: ANTIBI\u00d3TICO Y QUIMIOTERAP\u00c9UTICO PARA USO DERMATOL\u00d3GICO<\/strong><\/div>\n<\/div>\n<\/div>\n<\/div>\n<\/div>\n<\/div>\n<\/div>\n<\/div>\n<\/div>\n<\/div>\n<\/div>\n<\/div>\n<\/div>\n","protected":false},"featured_media":16667,"template":"","meta":[],"product_brand":[],"product_cat":[281],"product_tag":[],"class_list":{"0":"post-20443","1":"product","2":"type-product","3":"status-publish","4":"has-post-thumbnail","6":"product_cat-medicamentos-para-enfermedades-de-la-piel","8":"first","9":"instock","10":"shipping-taxable","11":"product-type-simple"},"_links":{"self":[{"href":"https:\/\/crosspharma.gr\/es\/wp-json\/wp\/v2\/product\/20443","targetHints":{"allow":["GET"]}}],"collection":[{"href":"https:\/\/crosspharma.gr\/es\/wp-json\/wp\/v2\/product"}],"about":[{"href":"https:\/\/crosspharma.gr\/es\/wp-json\/wp\/v2\/types\/product"}],"version-history":[{"count":5,"href":"https:\/\/crosspharma.gr\/es\/wp-json\/wp\/v2\/product\/20443\/revisions"}],"predecessor-version":[{"id":20453,"href":"https:\/\/crosspharma.gr\/es\/wp-json\/wp\/v2\/product\/20443\/revisions\/20453"}],"wp:featuredmedia":[{"embeddable":true,"href":"https:\/\/crosspharma.gr\/es\/wp-json\/wp\/v2\/media\/16667"}],"wp:attachment":[{"href":"https:\/\/crosspharma.gr\/es\/wp-json\/wp\/v2\/media?parent=20443"}],"wp:term":[{"taxonomy":"product_brand","embeddable":true,"href":"https:\/\/crosspharma.gr\/es\/wp-json\/wp\/v2\/product_brand?post=20443"},{"taxonomy":"product_cat","embeddable":true,"href":"https:\/\/crosspharma.gr\/es\/wp-json\/wp\/v2\/product_cat?post=20443"},{"taxonomy":"product_tag","embeddable":true,"href":"https:\/\/crosspharma.gr\/es\/wp-json\/wp\/v2\/product_tag?post=20443"}],"curies":[{"name":"wp","href":"https:\/\/api.w.org\/{rel}","templated":true}]}}